{"id":1791,"date":"2015-09-02T18:43:34","date_gmt":"2015-09-02T19:43:34","guid":{"rendered":"http:\/\/blog.hwbk.de\/?page_id=1791"},"modified":"2024-11-29T15:12:19","modified_gmt":"2024-11-29T16:12:19","slug":"doppelqualifikation-erzieherin","status":"publish","type":"page","link":"http:\/\/hwbk.de\/WordPress_02\/bildungsgange\/berufliches-gymnasium-abschluss-voll-abitur\/doppelqualifikation-erzieherin\/","title":{"rendered":"Erziehungswissenschaften &#8211; Doppelqualifikation Erzieher\/in"},"content":{"rendered":"\n<h2 class=\"wp-block-heading\">Berufliches Gymnasium f\u00fcr Gesundheit und Soziales (Erzieher\/in und Allgemeine Hochschulreife)<\/h2>\n\n\n\n<div class=\"wp-block-columns is-layout-flex wp-container-core-columns-is-layout-9d6595d7 wp-block-columns-is-layout-flex\">\n<div class=\"wp-block-column is-layout-flow wp-block-column-is-layout-flow\" style=\"flex-basis:75%\">\n<p>Dieser doppelt qualifizierende Bildungsgang im Bereich Gesundheit und Soziales vermittelt nach den Jahrgangsstufen 11 bis 13 die Allgemeine Hochschulreife und nach einem weiteren Jahr Berufspraktikum (Anerkennungsjahr) den Berufsabschluss \u201estaatlich anerkannte\/r Erzieher\/in\u201c<\/p>\n\n\n\n<div class=\"wp-block-pb-accordion-item c-accordion__item js-accordion-item no-js\" data-initially-open=\"false\" data-click-to-close=\"true\" data-auto-close=\"true\" data-scroll=\"false\" data-scroll-offset=\"0\"><h4 id=\"at-45851\" class=\"c-accordion__title js-accordion-controller\" role=\"button\">Welche Voraussetzungen muss ich erf\u00fcllen?<\/h4><div id=\"ac-45851\" class=\"c-accordion__content\">\n<ul class=\"wp-block-list\"><li>mittlerer Schulabschluss (\u201eRealschulabschluss\u201c) mit Qualifikationsvermerk zum Besuch der gymnasialen Oberstufe (\u201eQuali\u201c)<\/li><li>f\u00fcr die Klasse 11: Praktikumsplatz und erweitertes polizeiliches F\u00fchrungszeugnis ohne relevanten Eintrag zum 1. Schultag (n\u00e4here Informationen dazu werden mit der Zusage mitgeteilt)<\/li><li>f\u00fcr die Klasse 12: bei Nachweis der Fachhochschulreife und der 2. Fremdsprache (4 Jahre durchgehender Unterricht in z.B. Franz\u00f6sisch, Latein oder Spanisch) kann u.U. unter Beibehaltung des Schwerpunkts eine Aufnahme in die Klasse 12 erfolgen<\/li><\/ul>\n<\/div><\/div>\n\n\n\n<div class=\"wp-block-pb-accordion-item c-accordion__item js-accordion-item no-js\" data-initially-open=\"false\" data-click-to-close=\"true\" data-auto-close=\"true\" data-scroll=\"false\" data-scroll-offset=\"0\"><h4 id=\"at-95068\" class=\"c-accordion__title js-accordion-controller\" role=\"button\">Welchen Schul-\/Berufsabschluss kann ich erreichen?<\/h4><div id=\"ac-95068\" class=\"c-accordion__content\">\n<ul class=\"wp-block-list\"><li>Allgemeine Hochschulreife nach der Klasse 13<\/li><li>Staatlich anerkannte\/r Erzieher\/in nach dem Berufspraktikum<\/li><\/ul>\n<\/div><\/div>\n\n\n\n<div class=\"wp-block-pb-accordion-item c-accordion__item js-accordion-item no-js\" data-initially-open=\"false\" data-click-to-close=\"true\" data-auto-close=\"true\" data-scroll=\"false\" data-scroll-offset=\"0\"><h4 id=\"at-752\" class=\"c-accordion__title js-accordion-controller\" role=\"button\">Welche Unterrichtsf\u00e4cher belege ich?<\/h4><div id=\"ac-752\" class=\"c-accordion__content\">\n<p><strong>Leistungskurse:<\/strong><\/p>\n\n\n\n<ul class=\"wp-block-list\"><li>Deutsch<\/li><li>Erziehungswissenschaften<\/li><\/ul>\n\n\n\n<p><strong>Grundkurse:<\/strong><\/p>\n\n\n\n<ul class=\"wp-block-list\"><li>Englisch<\/li><li>Spanisch<\/li><li>Biologie<\/li><li>Mathematik<\/li><li>Gesellschaftslehre mit Geschichte<\/li><li>Religionslehre<\/li><li>Musik, Kunst<\/li><li>Sozialp\u00e4dagogik<\/li><li>Sport<\/li><\/ul>\n\n\n\n<p><strong>Differenzierungsbereich:<\/strong><\/p>\n\n\n\n<ul class=\"wp-block-list\"><li>Didaktik\/Methodik<\/li><li>Datenverarbeitung<\/li><\/ul>\n<\/div><\/div>\n\n\n\n<div class=\"wp-block-pb-accordion-item c-accordion__item js-accordion-item no-js\" data-initially-open=\"false\" data-click-to-close=\"true\" data-auto-close=\"true\" data-scroll=\"false\" data-scroll-offset=\"0\"><h4 id=\"at-90761\" class=\"c-accordion__title js-accordion-controller\" role=\"button\">Welche Praktika absolviere ich?<\/h4><div id=\"ac-90761\" class=\"c-accordion__content\">\n<ul class=\"wp-block-list\"><li>Klasse 11: zwei Praktika im Umfang von drei Wochen in Kindertageseinrichtungen<\/li><li>Klasse 12: ein Praktikum im Umfang von sechs Wochen z.B. in der OGS, im Heimbereich, im Jugendzentrum<\/li><li>Klasse 13: ein Praktikum im Umfang von zwei Wochen in einem Bereich, in dem noch keine praktischen Erfahrungen gesammelt wurden<\/li><\/ul>\n<\/div><\/div>\n\n\n\n<div class=\"wp-block-pb-accordion-item c-accordion__item js-accordion-item no-js\" data-initially-open=\"false\" data-click-to-close=\"true\" data-auto-close=\"true\" data-scroll=\"false\" data-scroll-offset=\"0\"><h4 id=\"at-31146\" class=\"c-accordion__title js-accordion-controller\" role=\"button\">Welche Besonderheiten bietet der Bildungsgang?<\/h4><div id=\"ac-31146\" class=\"c-accordion__content\">\n<ul class=\"wp-block-list\"><li>Unterricht im Klassenverband<\/li><li>starke Theorie-Praxis-Verkn\u00fcpfung<\/li><li>Allgemeine Hochschulreife <strong>und<\/strong> Berufsausbildung<\/li><li>Studienfahrt in der Klasse 12 mit erlebnisp\u00e4dagogischem Schwerpunkt<\/li><\/ul>\n<\/div><\/div>\n\n\n\n<div class=\"wp-block-pb-accordion-item c-accordion__item js-accordion-item no-js\" data-initially-open=\"false\" data-click-to-close=\"true\" data-auto-close=\"true\" data-scroll=\"false\" data-scroll-offset=\"0\"><h4 id=\"at-17044\" class=\"c-accordion__title js-accordion-controller\" role=\"button\">Welche M\u00f6glichkeiten bieten sich mir mit dem Schulabschluss?<\/h4><div id=\"ac-17044\" class=\"c-accordion__content\">\n<ul class=\"wp-block-list\"><li>Studium aller Studieng\u00e4nge an Universit\u00e4ten, Gesamthochschulen, Fachhochschulen<\/li><li>besonders geeignet sind sozialwissenschaftliche Studieng\u00e4nge, wie z.B. Lehramtsstudieng\u00e4nge, Psychologie, P\u00e4dagogik<\/li><\/ul>\n<\/div><\/div>\n\n\n\n<div class=\"wp-block-pb-accordion-item c-accordion__item js-accordion-item no-js\" data-initially-open=\"false\" data-click-to-close=\"true\" data-auto-close=\"true\" data-scroll=\"false\" data-scroll-offset=\"0\"><h4 id=\"at-44846\" class=\"c-accordion__title js-accordion-controller\" role=\"button\">Wie kann ich mich f\u00fcr den Bildungsgang anmelden?<\/h4><div id=\"ac-44846\" class=\"c-accordion__content\">\n<p>Bitte melde Dich direkt nach den Halbjahreszeugnissen online an (<a href=\"http:\/\/www.schulbewerbung.de\" target=\"_blank\" rel=\"noreferrer noopener\">www.schulbewerbung.de<\/a>). Wir ben\u00f6tigen zus\u00e4tzlich dazu dein Halbjahreszeugnis (beglaubigte Kopie), deinen Lebenslauf (tabellarisch) und ein aktuelles erweitertes F\u00fchrungszeugnis bei Unterrichtsbeginn. <a href=\"http:\/\/hwbk.de\/WordPress_02\/beratung\/\">Weitere Informationen zur Anmeldung erh\u00e4lst du hier<\/a>.<\/p>\n<\/div><\/div>\n\n\n\n<div class=\"wp-block-pb-accordion-item c-accordion__item js-accordion-item no-js\" data-initially-open=\"false\" data-click-to-close=\"true\" data-auto-close=\"true\" data-scroll=\"false\" data-scroll-offset=\"0\"><h4 id=\"at-11536\" class=\"c-accordion__title js-accordion-controller\" role=\"button\">Flyer zum Bildungsgang<\/h4><div id=\"ac-11536\" class=\"c-accordion__content\">\n<p><a href=\"http:\/\/hwbk.de\/WordPress_02\/wp-content\/uploads\/2024\/11\/01_Berufliches-Gymnasium-fuer-Gesundheit-und-Soziales_ErzieherIn-und-Allgemeine-Hochschulreife_Infoflyer_2024.pdf\" target=\"_blank\" rel=\"noreferrer noopener\">Flyer<\/a> (bitte anklicken)<\/p>\n<\/div><\/div>\n<\/div>\n\n\n\n<div class=\"wp-block-column is-layout-flow wp-block-column-is-layout-flow\" style=\"flex-basis:25%\">\n<h4 class=\"wp-block-heading\">Ansprechpartnerin<\/h4>\n\n\n\n<p>Frau Mertens<\/p>\n\n\n\n<p>\u2709 <a href=\"mailto:mertens@hwbk.de\">mertens@hwbk.de<\/a><\/p>\n\n\n\n<p>\u260e 05251\/1423-200<\/p>\n\n\n\n<figure class=\"wp-block-embed is-type-video is-provider-youtube wp-block-embed-youtube wp-embed-aspect-16-9 wp-has-aspect-ratio\"><div class=\"wp-block-embed__wrapper\">\n<iframe loading=\"lazy\"  id=\"_ytid_71822\"  width=\"480\" height=\"270\"  data-origwidth=\"480\" data-origheight=\"270\" src=\"https:\/\/www.youtube.com\/embed\/ZvyVXGJp35o?enablejsapi=1&#038;autoplay=0&#038;cc_load_policy=0&#038;cc_lang_pref=&#038;iv_load_policy=1&#038;loop=0&#038;rel=0&#038;fs=1&#038;playsinline=0&#038;autohide=2&#038;theme=dark&#038;color=red&#038;controls=1&#038;disablekb=0&#038;\" class=\"__youtube_prefs__  epyt-is-override  no-lazyload\" title=\"YouTube player\"  allow=\"fullscreen; accelerometer; autoplay; clipboard-write; encrypted-media; gyroscope; picture-in-picture; web-share\" referrerpolicy=\"strict-origin-when-cross-origin\" allowfullscreen data-no-lazy=\"1\" data-skipgform_ajax_framebjll=\"\"><\/iframe>\n<\/div><\/figure>\n\n\n\n<figure class=\"wp-block-embed is-type-video is-provider-youtube wp-block-embed-youtube wp-embed-aspect-16-9 wp-has-aspect-ratio\"><div class=\"wp-block-embed__wrapper\">\n<iframe loading=\"lazy\"  id=\"_ytid_90245\"  width=\"480\" height=\"270\"  data-origwidth=\"480\" data-origheight=\"270\" src=\"https:\/\/www.youtube.com\/embed\/nDU07n8dJ_w?enablejsapi=1&#038;autoplay=0&#038;cc_load_policy=0&#038;cc_lang_pref=&#038;iv_load_policy=1&#038;loop=0&#038;rel=0&#038;fs=1&#038;playsinline=0&#038;autohide=2&#038;theme=dark&#038;color=red&#038;controls=1&#038;disablekb=0&#038;\" class=\"__youtube_prefs__  epyt-is-override  no-lazyload\" title=\"YouTube player\"  allow=\"fullscreen; accelerometer; autoplay; clipboard-write; encrypted-media; gyroscope; picture-in-picture; web-share\" referrerpolicy=\"strict-origin-when-cross-origin\" allowfullscreen data-no-lazy=\"1\" data-skipgform_ajax_framebjll=\"\"><\/iframe>\n<\/div><\/figure>\n<\/div>\n<\/div>\n","protected":false},"excerpt":{"rendered":"<p>Berufliches Gymnasium f\u00fcr Gesundheit und Soziales (Erzieher\/in und Allgemeine Hochschulreife) Dieser doppelt qualifizierende Bildungsgang im Bereich Gesundheit und Soziales vermittelt nach den Jahrgangsstufen 11 bis 13 die Allgemeine Hochschulreife und nach einem weiteren Jahr Berufspraktikum (Anerkennungsjahr) den Berufsabschluss \u201estaatlich anerkannte\/r &hellip; <a href=\"http:\/\/hwbk.de\/WordPress_02\/bildungsgange\/berufliches-gymnasium-abschluss-voll-abitur\/doppelqualifikation-erzieherin\/\">Continue reading <span class=\"meta-nav\">&rarr;<\/span><\/a><\/p>\n","protected":false},"author":8,"featured_media":0,"parent":863,"menu_order":2,"comment_status":"closed","ping_status":"closed","template":"","meta":{"footnotes":""},"class_list":["post-1791","page","type-page","status-publish","hentry"],"_links":{"self":[{"href":"http:\/\/hwbk.de\/WordPress_02\/wp-json\/wp\/v2\/pages\/1791","targetHints":{"allow":["GET"]}}],"collection":[{"href":"http:\/\/hwbk.de\/WordPress_02\/wp-json\/wp\/v2\/pages"}],"about":[{"href":"http:\/\/hwbk.de\/WordPress_02\/wp-json\/wp\/v2\/types\/page"}],"author":[{"embeddable":true,"href":"http:\/\/hwbk.de\/WordPress_02\/wp-json\/wp\/v2\/users\/8"}],"replies":[{"embeddable":true,"href":"http:\/\/hwbk.de\/WordPress_02\/wp-json\/wp\/v2\/comments?post=1791"}],"version-history":[{"count":28,"href":"http:\/\/hwbk.de\/WordPress_02\/wp-json\/wp\/v2\/pages\/1791\/revisions"}],"predecessor-version":[{"id":6874,"href":"http:\/\/hwbk.de\/WordPress_02\/wp-json\/wp\/v2\/pages\/1791\/revisions\/6874"}],"up":[{"embeddable":true,"href":"http:\/\/hwbk.de\/WordPress_02\/wp-json\/wp\/v2\/pages\/863"}],"wp:attachment":[{"href":"http:\/\/hwbk.de\/WordPress_02\/wp-json\/wp\/v2\/media?parent=1791"}],"curies":[{"name":"wp","href":"https:\/\/api.w.org\/{rel}","templated":true}]}}