{"id":2859,"date":"2018-05-14T08:09:28","date_gmt":"2018-05-14T09:09:28","guid":{"rendered":"http:\/\/blog.hwbk.de\/?page_id=2859"},"modified":"2025-12-10T09:54:22","modified_gmt":"2025-12-10T10:54:22","slug":"datenschutzerklaerung","status":"publish","type":"page","link":"http:\/\/hwbk.de\/WordPress_02\/wissenswertes\/datenschutzerklaerung\/","title":{"rendered":"Datenschutzerkl\u00e4rung"},"content":{"rendered":"<h2>Datenschutzerkl\u00e4rung<\/h2>\n<h3>Verantwortliche und Datenschutzbeauftragte<\/h3>\n<p>Verantwortliche gem. Art. 4 Nr. 7 EU-Datenschutz-Grundverordnung (EU-DSGVO) ist<\/p>\n<p>OStD\u2018 Susanne Tietje-Gro\u00df<br \/>\nSchulleiterin des Helene-Weber-Berufskollegs<\/p>\n<p>Am Bischofsteich 5<br \/>\n33102 Paderborn<br \/>\nDeutschland<\/p>\n<p><a href=\"mailto:info@hwbk.de\"><em>info@hwbk.de<\/em><\/a>.<\/p>\n<p>Den schulischen Datenschutzbeauftragten erreichen Sie unter<br \/>\n<a href=\"mailto:bergmannm@schulamt-paderborn.de\"><em>bergmannm@schulamt-paderborn.de <\/em><\/a>oder \u00fcber die nachfolgende Postadresse:<\/p>\n<p>Schulamt Paderborn<br \/>\nHerr M. Bergmann<br \/>\nKreis Paderborn<br \/>\nAldegreverstra\u00dfe 10\u201314<br \/>\n33102 Paderborn<br \/>\nDeutschland<\/p>\n<h3>Ihre Rechte als Nutzer<\/h3>\n<p>Sie haben nach Ma\u00dfgabe der Artikel 15, 16, 17, 18 und 21 EU-DSGVO gegen\u00fcber uns folgende Rechte hinsichtlich der Sie betreffenden personenbezogenen Daten:<\/p>\n<ul>\n<li>Recht auf Auskunft,<\/li>\n<li>Recht auf Berichtigung oder L\u00f6schung,<\/li>\n<li>Recht auf Einschr\u00e4nkung der Verarbeitung,<\/li>\n<li>Recht auf Widerspruch gegen die Verarbeitung,<\/li>\n<li>Recht auf Daten\u00fcbertragbarkeit.<\/li>\n<\/ul>\n<p>Wenn Sie der Auffassung sind, dass eine Verarbeitung Ihrer personenbezogenen Daten gegen Datenschutzrecht verst\u00f6\u00dft, haben Sie das Recht, sich bei der zust\u00e4ndigen Aufsichtsbeh\u00f6rde zu beschweren, die Sie unter folgenden Kontaktdaten erreichen k\u00f6nnen:<\/p>\n<p>Landesbeauftragte f\u00fcr Datenschutz und Informationsfreiheit<br \/>\nNordrhein-Westfalen<br \/>\nPostfach 20 04 44<br \/>\n40102 D\u00fcsseldorf<br \/>\nTel.: 0211\/38424-0<br \/>\nFax: 0211\/38424-10<br \/>\nE-Mail: <a href=\"mailto:poststelle@ldi.nrw.de\">poststelle@ldi.nrw.de<\/a><\/p>\n<h3><strong>Hinweise zur Datenverarbeitung<\/strong><\/h3>\n<p>(1) Bei dem Aufruf unserer Website werden personenbezogene Daten erhoben. Dies ist aus technischen Gr\u00fcnden erforderlich, um Ihnen unsere Website anzuzeigen und die Stabilit\u00e4t und Sicherheit zu gew\u00e4hrleisten. Rechtsgrundlage ist Art. 6 Abs. 1 S. 1 lit. e, Abs. 3 EU-DSGVO in Verbindung mit \u00a7 3 Abs. 1 Datenschutzgesetz Nordrhein-Westfalen (DSG NRW).<\/p>\n<p>Das Internetangebot der Schule wird bei der STRATO GmbH gehostet. Bei jedem Zugriff auf Inhalte des Internetangebotes werden dort personenbezogene Daten empfangen und vor\u00fcbergehend \u00fcber sogenannte Protokoll- oder Log-Dateien gespeichert.<\/p>\n<p>Die folgenden Daten werden bei jedem Aufruf der Internetseite erhoben:<\/p>\n<ul>\n<li>IP-Adresse<\/li>\n<li>Datum und Uhrzeit des Abrufs<\/li>\n<li>Inhalt der Anforderung (konkrete Seite)<\/li>\n<li>Zugriffsstatus\/HTTP-Statuscode<\/li>\n<li>jeweils \u00fcbertragene Datenmenge<\/li>\n<li>Website, von der die Anforderung kommt<\/li>\n<li>Browser<\/li>\n<li>Betriebssystem und dessen Oberfl\u00e4che<\/li>\n<li>Sprache und Version der Browsersoftware.<\/li>\n<\/ul>\n<p>Wir weisen darauf hin, dass Betreiber von fremden Internetseiten, die vom Portal aus verlinkt werden, die Daten von Besucherinnen bzw. Besuchern dieser Internetseiten erheben und auswerten k\u00f6nnen.<\/p>\n<p>(2) Bei Ihrer Kontaktaufnahme mit uns per E-Mail oder \u00fcber ein Kontaktformular m\u00fcssen die von Ihnen freiwillig mitgeteilten Daten (Ihre E-Mail-Adresse, ggf. Ihr Name und Ihre Telefonnummer) gespeichert werden, um Ihrem Anliegen entgegen kommen zu k\u00f6nnen.<\/p>\n<p>Rechtsgrundlage ist Art. 6 Abs. 1 S. 1 lit. e, Abs. 3 EU-DSGVO in Verbindung mit \u00a7 3 Abs. 1 Datenschutzgesetz Nordrhein-Westfalen (DSG NRW).<\/p>\n<p>Die von Ihnen eingegebenen pers\u00f6nlichen Daten verwenden wir nur zu dem von Ihnen gew\u00fcnschten Zweck. Die in diesem Zusammenhang anfallenden Daten l\u00f6schen wir, nachdem die Speicherung nicht mehr erforderlich ist.<\/p>\n<h3>Nutzung von Cookies<\/h3>\n<p>Das Homepage-Angebot verwendet sogenannte \u201eCookies\u201c. Bei Cookies handelt es sich um kleine Textdateien, die auf Ihrem Rechner abgelegt werden und die Ihr Browser speichert. Diese dienen dazu, unser Angebot f\u00fcr Sie nutzerfreundlicher und effektiver zu machen. Rechtsgrundlage ist\u00a0 Art. 6 Abs. 1 S. 1 lit. e, Abs. 3 EU-DSGVO in Verbindung mit \u00a7 3 Abs. 1 Datenschutzgesetz Nordrhein-Westfalen (DSG NRW).<\/p>\n<h3><strong>Anfrage per E-Mail, Telefon oder Telefax<\/strong><\/h3>\n<p>Wenn Sie uns per E-Mail, Telefon oder Telefax kontaktieren, wird Ihre Anfrage inklusive aller daraus hervorgehenden personenbezogenen Daten (Name, Anfrage) zum Zwecke der Bearbeitung Ihres Anliegens bei uns gespeichert und verarbeitet. Diese Daten geben wir nicht ohne Ihre Einwilligung weiter.<\/p>\n<p>Die Verarbeitung dieser Daten erfolgt auf Grundlage von Art. 6 Abs. 1 lit. b DSGVO, sofern Ihre Anfrage mit der Erf\u00fcllung eines Vertrags zusammenh\u00e4ngt oder zur Durchf\u00fchrung vorvertraglicher Ma\u00dfnahmen erforderlich ist. In allen \u00fcbrigen F\u00e4llen beruht die Verarbeitung auf unserem berechtigten Interesse an der effektiven Bearbeitung der an uns gerichteten Anfragen (Art. 6 Abs. 1 lit. f DSGVO) oder auf Ihrer Einwilligung (Art. 6 Abs. 1 lit. a DSGVO) sofern diese abgefragt wurde.<\/p>\n<p>Die von Ihnen an uns per Kontaktanfragen \u00fcbersandten Daten verbleiben bei uns, bis Sie uns zur L\u00f6schung auffordern, Ihre Einwilligung zur Speicherung widerrufen oder der Zweck f\u00fcr die Datenspeicherung entf\u00e4llt (z.\u00a0B. nach abgeschlossener Bearbeitung Ihres Anliegens). Zwingende gesetzliche Bestimmungen \u2013 insbesondere gesetzliche Aufbewahrungsfristen \u2013 bleiben unber\u00fchrt.<\/p>\n<h3>TaskCards<\/h3>\n<p>TaskCards erm\u00f6glicht das Erstellen von Pinnw\u00e4nden, auf denen in Echtzeit kollaborativ gearbeitet werden kann. Auf den Pinnw\u00e4nden k\u00f6nnen Texte, Bilder, Links, oder andere Materialien hinzugef\u00fcgt werden. F\u00fcr die Pinnw\u00e4nde stehen verschiedene Formate (z. B. Tafel, Weltkarte, Zeitstrahl) zur Verf\u00fcgung.<\/p>\n<p>Ersteller*innen von Pinnw\u00e4nden ben\u00f6tigen eine Registrierung am Dienst TaskCards. Personen, die die erstellten Pinnw\u00e4nde lesen, bearbeiten und kommentieren ben\u00f6tigen keine Registrierung. Die Besitzer*innen k\u00f6nnen Verweise\/Weblinks f\u00fcr die Bearbeitung generieren (lesen, kommentieren, \u00e4ndern) und diese Links zur Verf\u00fcgung stellen oder auch via iFrame bspw. auf Webseiten der Kreisverwaltung einbetten.<\/p>\n<p>TaskCards wird \u00fcber eine Plattform der Firma dSign Systems bereitgestellt:<br \/>\ndSign Systems GmbH<br \/>\nWaldhausstra\u00dfe 14<br \/>\n98574 Schmalkalden<\/p>\n<p>Die Kreisverwaltung hat mit der Fa. dSign Systems eine Vereinbarung zur Datenverarbeitung im Auftrag geschlossen. Weitere Informationen zum Datenschutz finden Sie unter folgender Seite:\u00a0<a href=\"https:\/\/kreis-paderborn.taskcards.app\/#\/home\/privacyPolicy\" target=\"_blank\" rel=\"noopener\">https:\/\/kreis-paderborn.taskcards.app\/#\/home\/privacyPolicy<\/a><\/p>\n<h3>YouTube<\/h3>\n<p>Unsere Website nutzt Plugins der von Google betriebenen Seite YouTube. Betreiber der Seiten ist die YouTube, LLC, 901 Cherry Ave., San Bruno, CA 94066, USA. Wenn Sie eine unserer mit einem YouTube-Plugin ausgestatteten Seiten besuchen, wird eine Verbindung zu den Servern von YouTube hergestellt. Dabei wird dem Youtube-Server mitgeteilt, welche unserer Seiten Sie besucht haben.<\/p>\n<p>Wenn Sie in Ihrem YouTube-Account eingeloggt sind erm\u00f6glichen Sie YouTube, Ihr Surfverhalten direkt Ihrem pers\u00f6nlichen Profil zuzuordnen. Dies k\u00f6nnen Sie verhindern, indem Sie sich aus Ihrem YouTube-Account ausloggen.<\/p>\n<p>Weitere Informationen zum Umgang von Nutzerdaten finden Sie in der Datenschutzerkl\u00e4rung von YouTube unter: <a href=\"https:\/\/www.google.de\/intl\/de\/policies\/privacy\" target=\"_blank\" rel=\"noopener\">https:\/\/www.google.de\/intl\/de\/policies\/privacy<\/a><\/p>\n","protected":false},"excerpt":{"rendered":"<p>Datenschutzerkl\u00e4rung Verantwortliche und Datenschutzbeauftragte Verantwortliche gem. Art. 4 Nr. 7 EU-Datenschutz-Grundverordnung (EU-DSGVO) ist OStD\u2018 Susanne Tietje-Gro\u00df Schulleiterin des Helene-Weber-Berufskollegs Am Bischofsteich 5 33102 Paderborn Deutschland info@hwbk.de. Den schulischen Datenschutzbeauftragten erreichen Sie unter bergmannm@schulamt-paderborn.de oder \u00fcber die nachfolgende Postadresse: Schulamt Paderborn &hellip; <a href=\"http:\/\/hwbk.de\/WordPress_02\/wissenswertes\/datenschutzerklaerung\/\">Continue reading <span class=\"meta-nav\">&rarr;<\/span><\/a><\/p>\n","protected":false},"author":1,"featured_media":0,"parent":291,"menu_order":0,"comment_status":"closed","ping_status":"closed","template":"","meta":{"footnotes":""},"class_list":["post-2859","page","type-page","status-publish","hentry"],"_links":{"self":[{"href":"http:\/\/hwbk.de\/WordPress_02\/wp-json\/wp\/v2\/pages\/2859","targetHints":{"allow":["GET"]}}],"collection":[{"href":"http:\/\/hwbk.de\/WordPress_02\/wp-json\/wp\/v2\/pages"}],"about":[{"href":"http:\/\/hwbk.de\/WordPress_02\/wp-json\/wp\/v2\/types\/page"}],"author":[{"embeddable":true,"href":"http:\/\/hwbk.de\/WordPress_02\/wp-json\/wp\/v2\/users\/1"}],"replies":[{"embeddable":true,"href":"http:\/\/hwbk.de\/WordPress_02\/wp-json\/wp\/v2\/comments?post=2859"}],"version-history":[{"count":7,"href":"http:\/\/hwbk.de\/WordPress_02\/wp-json\/wp\/v2\/pages\/2859\/revisions"}],"predecessor-version":[{"id":7300,"href":"http:\/\/hwbk.de\/WordPress_02\/wp-json\/wp\/v2\/pages\/2859\/revisions\/7300"}],"up":[{"embeddable":true,"href":"http:\/\/hwbk.de\/WordPress_02\/wp-json\/wp\/v2\/pages\/291"}],"wp:attachment":[{"href":"http:\/\/hwbk.de\/WordPress_02\/wp-json\/wp\/v2\/media?parent=2859"}],"curies":[{"name":"wp","href":"https:\/\/api.w.org\/{rel}","templated":true}]}}