{"id":3707,"date":"2020-11-16T17:15:37","date_gmt":"2020-11-16T18:15:37","guid":{"rendered":"http:\/\/hwbk.de\/WordPress_02\/?page_id=3707"},"modified":"2026-02-12T07:31:14","modified_gmt":"2026-02-12T08:31:14","slug":"beratung","status":"publish","type":"page","link":"http:\/\/hwbk.de\/WordPress_02\/beratung\/","title":{"rendered":"Beratung &#038; Anmeldung"},"content":{"rendered":"<div class=\"wp-block-image\">\n<figure class=\"aligncenter size-large\"><img loading=\"lazy\" decoding=\"async\" width=\"1024\" height=\"683\" src=\"https:\/\/hwbk.de\/WordPress_02\/wp-content\/uploads\/2021\/01\/image0011-1024x683.jpg\" alt=\"\" class=\"wp-image-5232\" srcset=\"http:\/\/hwbk.de\/WordPress_02\/wp-content\/uploads\/2021\/01\/image0011-1024x683.jpg 1024w, http:\/\/hwbk.de\/WordPress_02\/wp-content\/uploads\/2021\/01\/image0011-300x200.jpg 300w, http:\/\/hwbk.de\/WordPress_02\/wp-content\/uploads\/2021\/01\/image0011-128x85.jpg 128w, http:\/\/hwbk.de\/WordPress_02\/wp-content\/uploads\/2021\/01\/image0011-768x512.jpg 768w, http:\/\/hwbk.de\/WordPress_02\/wp-content\/uploads\/2021\/01\/image0011-2048x1365.jpg 2048w\" sizes=\"auto, (max-width: 1024px) 100vw, 1024px\" \/><\/figure>\n<\/div>\n\n\n<div class=\"wp-block-columns is-layout-flex wp-container-core-columns-is-layout-9d6595d7 wp-block-columns-is-layout-flex\">\n<div class=\"wp-block-column is-layout-flow wp-block-column-is-layout-flow\" style=\"flex-basis:50%\">\n<h3 class=\"wp-block-heading\">Telefonische Beratung<\/h3>\n\n\n\n<div class=\"wpcf7 no-js\" id=\"wpcf7-f4943-o1\" lang=\"de-DE\" dir=\"ltr\" data-wpcf7-id=\"4943\">\n<div class=\"screen-reader-response\"><p role=\"status\" aria-live=\"polite\" aria-atomic=\"true\"><\/p> <ul><\/ul><\/div>\n<form action=\"\/WordPress_02\/wp-json\/wp\/v2\/pages\/3707#wpcf7-f4943-o1\" method=\"post\" class=\"wpcf7-form init\" aria-label=\"Kontaktformular\" novalidate=\"novalidate\" data-status=\"init\">\n<fieldset class=\"hidden-fields-container\"><input type=\"hidden\" name=\"_wpcf7\" value=\"4943\" \/><input type=\"hidden\" name=\"_wpcf7_version\" value=\"6.1.5\" \/><input type=\"hidden\" name=\"_wpcf7_locale\" value=\"de_DE\" \/><input type=\"hidden\" name=\"_wpcf7_unit_tag\" value=\"wpcf7-f4943-o1\" \/><input type=\"hidden\" name=\"_wpcf7_container_post\" value=\"0\" \/><input type=\"hidden\" name=\"_wpcf7_posted_data_hash\" value=\"\" \/>\n<\/fieldset>\n<p>Ich m\u00f6chte beraten werden und bitte um einen R\u00fcckruf oder eine Email.\n<\/p>\n<p>Ich interessiere mich f\u00fcr den folgenden <label> Bildungsgang:<br \/>\n<span class=\"wpcf7-form-control-wrap\" data-name=\"menu-33\"><select class=\"wpcf7-form-control wpcf7-select\" aria-invalid=\"false\" name=\"menu-33\"><option value=\"\">&#8211; Bitte ausw\u00e4hlen &#8211;<\/option><option value=\"Ausbildungsvorbereitung\">Ausbildungsvorbereitung<\/option><option value=\"Berufsschule Duales System\">Berufsschule Duales System<\/option><option value=\"Berufsfachschule einj\u00e4hrig\">Berufsfachschule einj\u00e4hrig<\/option><option value=\"Sozialassistent\/in\">Sozialassistent\/in<\/option><option value=\"Kinderpfleger\/in\">Kinderpfleger\/in<\/option><option value=\"Fachoberschule\">Fachoberschule<\/option><option value=\"Berufliches Gymnasium\">Berufliches Gymnasium<\/option><option value=\"Erzieher\/in und PIA\">Erzieher\/in und PIA<\/option><\/select><\/span> <\/label>\n<\/p>\n<p>Dazu habe ich eine Frage:<br \/>\n<span class=\"wpcf7-form-control-wrap\" data-name=\"textarea-62\"><textarea cols=\"40\" rows=\"10\" maxlength=\"2000\" class=\"wpcf7-form-control wpcf7-textarea\" aria-invalid=\"false\" placeholder=\"Meine Frage\" name=\"textarea-62\"><\/textarea><\/span>\n<\/p>\n<p><label> Dein Name (Pflichtfeld)<br \/>\n<span class=\"wpcf7-form-control-wrap\" data-name=\"your-name\"><input size=\"40\" maxlength=\"400\" class=\"wpcf7-form-control wpcf7-text wpcf7-validates-as-required\" aria-required=\"true\" aria-invalid=\"false\" value=\"\" type=\"text\" name=\"your-name\" \/><\/span> <\/label>\n<\/p>\n<p><label> Deine E-Mail-Adresse (Pflichtfeld)<br \/>\n<span class=\"wpcf7-form-control-wrap\" data-name=\"your-email\"><input size=\"40\" maxlength=\"400\" class=\"wpcf7-form-control wpcf7-email wpcf7-validates-as-required wpcf7-text wpcf7-validates-as-email\" aria-required=\"true\" aria-invalid=\"false\" value=\"\" type=\"email\" name=\"your-email\" \/><\/span> <\/label>\n<\/p>\n<p><label> Deine Telefonnummer (Pflichtfeld)<br \/>\n<span class=\"wpcf7-form-control-wrap\" data-name=\"tel-724\"><input size=\"40\" maxlength=\"400\" class=\"wpcf7-form-control wpcf7-tel wpcf7-validates-as-required wpcf7-text wpcf7-validates-as-tel\" aria-required=\"true\" aria-invalid=\"false\" value=\"\" type=\"tel\" name=\"tel-724\" \/><\/span> <\/label>\n<\/p>\n<p><input class=\"wpcf7-form-control wpcf7-submit has-spinner\" type=\"submit\" value=\"Senden\" \/>\n<\/p><input type='hidden' class='wpcf7-pum' value='{\"closepopup\":false,\"closedelay\":0,\"openpopup\":false,\"openpopup_id\":0}' \/><div class=\"wpcf7-response-output\" aria-hidden=\"true\"><\/div>\n<\/form>\n<\/div>\n\n<\/div>\n\n\n\n<div class=\"wp-block-column is-layout-flow wp-block-column-is-layout-flow\" style=\"flex-basis:50%\">\n<h3 class=\"wp-block-heading\">Anmeldung<\/h3>\n\n\n\n<p>Sch\u00fclerinnen und Sch\u00fcler k\u00f6nnen sich vom <strong>07.02.-01.03.26<\/strong> am HWBK anmelden<strong>. <\/strong> Hierzu senden Sie uns bitte per Post folgende Unterlagen zu:<\/p>\n\n\n\n<ul class=\"wp-block-list\">\n<li>beglaubigte Kopie des <strong>Halbjahreszeugnisses<\/strong><\/li>\n\n\n\n<li>unterschriebener<strong> Lebenslauf <\/strong><\/li>\n\n\n\n<li>unterschriebenes <strong>Anmeldeformular<\/strong> von Schulbewerbung (<a href=\"http:\/\/www.schulbewerbung.de\" target=\"_blank\" rel=\"noreferrer noopener\">www.schulbewerbung.de<\/a>)<\/li>\n<\/ul>\n\n\n\n<p>Die Anmeldedaten erhalten Sie von Ihrer bisherigen Schule oder direkt mit den Halbjahreszeugnissen.<\/p>\n\n\n\n<p>Falls Sie Fragen zum Anmeldeprozess haben, melden Sie sich bitte unter <a href=\"mailto:beratung@hwbk.de\">beratung@hwbk.de<\/a>. Zus\u00e4tzlich k\u00f6nnen Sie sich bis zum Ende des Anmeldezeitraums (vgl. Datum oben) vor Ort beraten lassen: montags-freitags von 14 bis 15:30 Uhr (Aush\u00e4nge beachten).<\/p>\n\n\n\n<p><strong>Ausnahme: Die Anmeldung zur Fachschule f\u00fcr Sozialwesen (Ausbildung zum\/r Erzieher\/in) kann ganzj\u00e4hrig erfolgen.<\/strong><\/p>\n<\/div>\n<\/div>\n\n\n\n<p><\/p>\n","protected":false},"excerpt":{"rendered":"<p>Telefonische Beratung Anmeldung Sch\u00fclerinnen und Sch\u00fcler k\u00f6nnen sich vom 07.02.-01.03.26 am HWBK anmelden. Hierzu senden Sie uns bitte per Post folgende Unterlagen zu: Die Anmeldedaten erhalten Sie von Ihrer bisherigen Schule oder direkt mit den Halbjahreszeugnissen. Falls Sie Fragen zum &hellip; <a href=\"http:\/\/hwbk.de\/WordPress_02\/beratung\/\">Continue reading <span class=\"meta-nav\">&rarr;<\/span><\/a><\/p>\n","protected":false},"author":1,"featured_media":0,"parent":0,"menu_order":0,"comment_status":"closed","ping_status":"closed","template":"","meta":{"footnotes":""},"class_list":["post-3707","page","type-page","status-publish","hentry"],"_links":{"self":[{"href":"http:\/\/hwbk.de\/WordPress_02\/wp-json\/wp\/v2\/pages\/3707","targetHints":{"allow":["GET"]}}],"collection":[{"href":"http:\/\/hwbk.de\/WordPress_02\/wp-json\/wp\/v2\/pages"}],"about":[{"href":"http:\/\/hwbk.de\/WordPress_02\/wp-json\/wp\/v2\/types\/page"}],"author":[{"embeddable":true,"href":"http:\/\/hwbk.de\/WordPress_02\/wp-json\/wp\/v2\/users\/1"}],"replies":[{"embeddable":true,"href":"http:\/\/hwbk.de\/WordPress_02\/wp-json\/wp\/v2\/comments?post=3707"}],"version-history":[{"count":31,"href":"http:\/\/hwbk.de\/WordPress_02\/wp-json\/wp\/v2\/pages\/3707\/revisions"}],"predecessor-version":[{"id":7374,"href":"http:\/\/hwbk.de\/WordPress_02\/wp-json\/wp\/v2\/pages\/3707\/revisions\/7374"}],"wp:attachment":[{"href":"http:\/\/hwbk.de\/WordPress_02\/wp-json\/wp\/v2\/media?parent=3707"}],"curies":[{"name":"wp","href":"https:\/\/api.w.org\/{rel}","templated":true}]}}