{"id":116,"date":"2011-03-18T11:55:36","date_gmt":"2011-03-18T12:55:36","guid":{"rendered":"http:\/\/blog.hwbk.de\/?page_id=116"},"modified":"2024-11-22T06:50:44","modified_gmt":"2024-11-22T07:50:44","slug":"kontakt","status":"publish","type":"page","link":"https:\/\/hwbk.de\/WordPress_02\/kontakt\/","title":{"rendered":"Kontakt"},"content":{"rendered":"\n<div class=\"wp-block-group\"><div class=\"wp-block-group__inner-container is-layout-flow wp-block-group-is-layout-flow\">\n<div class=\"style-280 style-local-116-c1 position-relative\" data-colibri-id=\"116-c1\">\n<div id=\"initial-content\" class=\"h-section h-section-global-spacing d-flex align-items-lg-center align-items-md-center align-items-center style-281 style-local-116-c2 position-relative\" data-colibri-component=\"section\" data-colibri-id=\"116-c2\">\n<div class=\"h-section-grid-container h-section-boxed-container\">\n<div class=\"h-row-container gutters-row-lg-2 gutters-row-md-2 gutters-row-0 gutters-row-v-lg-2 gutters-row-v-md-2 gutters-row-v-2 style-282 style-local-116-c3 position-relative\" data-colibri-id=\"116-c3\">\n<div class=\"h-row justify-content-lg-start justify-content-md-start justify-content-start align-items-lg-stretch align-items-md-stretch align-items-stretch gutters-col-lg-2 gutters-col-md-2 gutters-col-0 gutters-col-v-lg-2 gutters-col-v-md-2 gutters-col-v-2\">\n<div class=\"h-column h-column-container d-flex h-col-lg-auto h-col-md-auto h-col-auto style-283-outer style-local-116-c4-outer\">\n<div class=\"d-flex h-flex-basis h-column__inner h-px-lg-2 h-px-md-2 h-px-2 v-inner-lg-2 v-inner-md-2 v-inner-2 style-283 style-local-116-c4 position-relative\" data-colibri-id=\"116-c4\">\n<div class=\"w-100 h-y-container h-column__content h-column__v-align flex-basis-100 align-self-lg-start align-self-md-start align-self-start\">\n<div class=\"style-284 style-local-116-c5 position-relative h-element\" data-colibri-id=\"116-c5\">\n<table width=\"97%\">\n<tbody>\n<tr>\n<td width=\"73%\">\n<p><strong>Schulleiterin:<br \/><\/strong>Susanne Tietje-Gro\u00df<\/p>\n<\/td>\n<td width=\"25%\">\n<p><strong>Stellvertretender Schulleiter:<br \/><\/strong>Ingo D\u00f6rge<\/p>\n<\/td>\n<\/tr>\n<tr>\n<td width=\"73%\">\n<p><strong>Verwaltung:<br \/><\/strong>Frau Rheker<br \/>Frau Michalak<\/p>\n<\/td>\n<td width=\"25%\">\n<p><strong>Schulsozialarbeiter:<br \/><\/strong>Sebastian Kr\u00fcger<br \/>Mobil: <span data-teams=\"true\">0175 22 37 291<\/span><\/p>\n<\/td>\n<\/tr>\n<\/tbody>\n<\/table>\n<p><strong>Die \u00d6ffnungszeiten unseres Sekretariats lauten:<\/strong><\/p>\n<p>Montag &#8211; Donnerstag: 7:30 &#8211; 13:00 Uhr, telefonisch erreichbar von 07:15 &#8211; 13:00 Uhr<br \/>Freitag: 7:30 &#8211; 11:15 Uhr, telefonisch erreichbar von 07:15 &#8211; 11:00 Uhr<\/p>\n<p>Am Bischofsteich 5<br \/>33102 Paderborn<\/p>\n<p>Telefon: 05251-1423-200<br \/>Fax: 05251-1423-250<\/p>\n<p>Email:<br \/><a href=\"mailto:%20info@hwbk.de\">info@hwbk.de<\/a><\/p>\n<p>Homepage:<br \/><a href=\"http:\/\/www.hwbk.de\">www.hwbk.de<\/a><\/p>\n\n<div class=\"wpcf7 no-js\" id=\"wpcf7-f245-o1\" lang=\"en-US\" dir=\"ltr\" data-wpcf7-id=\"245\">\n<div class=\"screen-reader-response\"><p role=\"status\" aria-live=\"polite\" aria-atomic=\"true\"><\/p> <ul><\/ul><\/div>\n<form action=\"\/WordPress_02\/wp-json\/wp\/v2\/pages\/116#wpcf7-f245-o1\" method=\"post\" class=\"wpcf7-form init\" aria-label=\"Contact form\" novalidate=\"novalidate\" data-status=\"init\">\n<fieldset class=\"hidden-fields-container\"><input type=\"hidden\" name=\"_wpcf7\" value=\"245\" \/><input type=\"hidden\" name=\"_wpcf7_version\" value=\"6.1.6\" \/><input type=\"hidden\" name=\"_wpcf7_locale\" value=\"en_US\" \/><input type=\"hidden\" name=\"_wpcf7_unit_tag\" value=\"wpcf7-f245-o1\" \/><input type=\"hidden\" name=\"_wpcf7_container_post\" value=\"0\" \/><input type=\"hidden\" name=\"_wpcf7_posted_data_hash\" value=\"\" \/>\n<\/fieldset>\n<p><b>Schreiben Sie uns...<\/b><br \/>\nWir benutzen Ihre pers\u00f6nlichen Daten nur f\u00fcr unsere Antwort. Eine weitere Verwendung erfolgt nicht!\n<\/p>\n<p>Ihr Name (Pflichtfeld)\n<\/p>\n<p><span class=\"wpcf7-form-control-wrap\" data-name=\"your-name\"><input size=\"40\" maxlength=\"400\" class=\"wpcf7-form-control wpcf7-text wpcf7-validates-as-required\" aria-required=\"true\" aria-invalid=\"false\" value=\"\" type=\"text\" name=\"your-name\" \/><\/span>\n<\/p>\n<p>Ihre Email (Pflichtfeld)\n<\/p>\n<p><span class=\"wpcf7-form-control-wrap\" data-name=\"your-email\"><input size=\"40\" maxlength=\"400\" class=\"wpcf7-form-control wpcf7-email wpcf7-validates-as-required wpcf7-text wpcf7-validates-as-email\" aria-required=\"true\" aria-invalid=\"false\" value=\"\" type=\"email\" name=\"your-email\" \/><\/span>\n<\/p>\n<p>Betreff\n<\/p>\n<p><span class=\"wpcf7-form-control-wrap\" data-name=\"your-subject\"><input size=\"40\" maxlength=\"400\" class=\"wpcf7-form-control wpcf7-text\" aria-invalid=\"false\" value=\"\" type=\"text\" name=\"your-subject\" \/><\/span>\n<\/p>\n<p>Ihre Nachricht\n<\/p>\n<p><span class=\"wpcf7-form-control-wrap\" data-name=\"your-message\"><textarea cols=\"40\" rows=\"10\" maxlength=\"2000\" class=\"wpcf7-form-control wpcf7-textarea\" aria-invalid=\"false\" name=\"your-message\"><\/textarea><\/span>\n<\/p>\n<p><input type=\"hidden\" name=\"_wpcf7_captcha_challenge_captcha-125\" value=\"3194593725\" \/><img loading=\"lazy\" decoding=\"async\" class=\"wpcf7-form-control wpcf7-captchac wpcf7-captcha-captcha-125\" width=\"84\" height=\"28\" alt=\"captcha\" src=\"https:\/\/hwbk.de\/WordPress_02\/wp-content\/uploads\/wpcf7_captcha\/3194593725.png\" \/><br \/>\n<span class=\"wpcf7-form-control-wrap\" data-name=\"captcha-125\"><input size=\"40\" class=\"wpcf7-form-control wpcf7-captchar\" autocomplete=\"off\" aria-invalid=\"false\" value=\"\" type=\"text\" name=\"captcha-125\" \/><\/span>\n<\/p>\n<p><input class=\"wpcf7-form-control wpcf7-submit has-spinner\" type=\"submit\" value=\"Senden\" \/>\n<\/p><input type='hidden' class='wpcf7-pum' value='{\"closepopup\":false,\"closedelay\":0,\"openpopup\":false,\"openpopup_id\":0}' \/><div class=\"wpcf7-response-output\" aria-hidden=\"true\"><\/div>\n<\/form>\n<\/div>\n\n<\/div>\n<\/div>\n<\/div>\n<\/div>\n<\/div>\n<\/div>\n<\/div>\n<\/div>\n<\/div>\n<\/div><\/div>\n","protected":false},"excerpt":{"rendered":"<p>Schulleiterin:Susanne Tietje-Gro\u00df Stellvertretender Schulleiter:Ingo D\u00f6rge Verwaltung:Frau RhekerFrau Michalak Schulsozialarbeiter:Sebastian Kr\u00fcgerMobil: 0175 22 37 291 Die \u00d6ffnungszeiten unseres Sekretariats lauten: Montag &#8211; Donnerstag: 7:30 &#8211; 13:00 Uhr, telefonisch erreichbar von 07:15 &#8211; 13:00 UhrFreitag: 7:30 &#8211; 11:15 Uhr, telefonisch erreichbar von &hellip; <a href=\"https:\/\/hwbk.de\/WordPress_02\/kontakt\/\">Continue reading <span class=\"meta-nav\">&rarr;<\/span><\/a><\/p>\n","protected":false},"author":1,"featured_media":0,"parent":0,"menu_order":2,"comment_status":"closed","ping_status":"closed","template":"page-templates\/full-width-page.php","meta":{"footnotes":""},"class_list":["post-116","page","type-page","status-publish","hentry"],"_links":{"self":[{"href":"https:\/\/hwbk.de\/WordPress_02\/wp-json\/wp\/v2\/pages\/116","targetHints":{"allow":["GET"]}}],"collection":[{"href":"https:\/\/hwbk.de\/WordPress_02\/wp-json\/wp\/v2\/pages"}],"about":[{"href":"https:\/\/hwbk.de\/WordPress_02\/wp-json\/wp\/v2\/types\/page"}],"author":[{"embeddable":true,"href":"https:\/\/hwbk.de\/WordPress_02\/wp-json\/wp\/v2\/users\/1"}],"replies":[{"embeddable":true,"href":"https:\/\/hwbk.de\/WordPress_02\/wp-json\/wp\/v2\/comments?post=116"}],"version-history":[{"count":20,"href":"https:\/\/hwbk.de\/WordPress_02\/wp-json\/wp\/v2\/pages\/116\/revisions"}],"predecessor-version":[{"id":6852,"href":"https:\/\/hwbk.de\/WordPress_02\/wp-json\/wp\/v2\/pages\/116\/revisions\/6852"}],"wp:attachment":[{"href":"https:\/\/hwbk.de\/WordPress_02\/wp-json\/wp\/v2\/media?parent=116"}],"curies":[{"name":"wp","href":"https:\/\/api.w.org\/{rel}","templated":true}]}}