{"id":1707,"date":"2015-09-02T15:56:04","date_gmt":"2015-09-02T16:56:04","guid":{"rendered":"http:\/\/blog.hwbk.de\/?page_id=1707"},"modified":"2017-06-23T12:14:40","modified_gmt":"2017-06-23T13:14:40","slug":"geschichte","status":"publish","type":"page","link":"https:\/\/hwbk.de\/WordPress_02\/wissenswertes\/geschichte\/","title":{"rendered":"Geschichte des HWBK"},"content":{"rendered":"<p>Das heutige Helene-Weber-Berufskolleg wurde am 18. Mai 1925 als \u201eM\u00e4dchen-Pflicht-Berufsschule\u201c durch Beschluss des Paderborner Stadtrates gegr\u00fcndet. Zwei hauptamtliche und zwei nebenamtliche Lehrkr\u00e4fte nahmen zusammen mit 216 Sch\u00fclerinnen die Arbeit in den R\u00e4umen des ehemaligen Lehrerseminars am Sch\u00fctzenweg 4 in Paderborn auf. Schwerpunkte waren die Fachklassen f\u00fcr Schneiderinnen, Putzmacherinnen, Wei\u00dfn\u00e4herinnen sowie Hausangestellte und Arbeiterinnen.<\/p>\n<p>1936 wurde die \u201eHaushaltungsschule\u201c und 1940 die \u201eSchule zur Ausbildung von Kinderpflegerinnen\u201c angeschlossen.<\/p>\n<p>Erst 24 Jahre sp\u00e4ter (1964) konnte schlie\u00dflich der noch heute genutzte Neubau der \u201eSt\u00e4dtischen M\u00e4dchenberufsschule\u201c am Bischofsteich bezogen werden. Die Tr\u00e4gerschaft von der Stadt zum Kreis Paderborn wechselte 1976.<\/p>\n<p>Am 18.03.1983 wurde die \u201eBildungsst\u00e4tte des Kreises Paderborn\u201c in einer Feierstunde nach der bekannten Politikerin und \u201eMutter\u201c unseres Grundgesetzes Helene Weber benannt.<\/p>\n<p>Von 1979 bis 1991 erfolgten umfassende Erweiterungen, u.a. wurde durch Beschluss des Schultr\u00e4gers die bisherige \u201eHelene-Weber-Schule\u201c ab 01.08.1998 in \u201eHelene-Weber-Berufskolleg\u201c umbenannt.<\/p>\n<p>Heute bietet das Kolleg ca. 1800 Sch\u00fclerinnen und Sch\u00fclern und ca. 90 Lehrkr\u00e4ften die M\u00f6glichkeit des Lernens und Lehrens. Schwerpunkte des schulischen Angebotes liegen im Ern\u00e4hrungsbereich und in der Sozialp\u00e4dagogik.<\/p>\n<p>Zusammen mit dem kaufm\u00e4nnisch orientierten \u201eLudwig-Erhard-Berufskolleg\u201c sowie dem technisch ausgerichteten \u201eRichard-von-Weizs\u00e4cker-Berufskolleg\u201c bildet das \u201eHelene-Weber-Berufskolleg\u201c das Berufskollegzentrum am Maspernplatz in Paderborn mit ca. 7000 Sch\u00fclerinnen und Sch\u00fclern.<\/p>\n","protected":false},"excerpt":{"rendered":"<p>Das heutige Helene-Weber-Berufskolleg wurde am 18. Mai 1925 als \u201eM\u00e4dchen-Pflicht-Berufsschule\u201c durch Beschluss des Paderborner Stadtrates gegr\u00fcndet. Zwei hauptamtliche und zwei nebenamtliche Lehrkr\u00e4fte nahmen zusammen mit 216 Sch\u00fclerinnen die Arbeit in den R\u00e4umen des ehemaligen Lehrerseminars am Sch\u00fctzenweg 4 in Paderborn &hellip; <a href=\"https:\/\/hwbk.de\/WordPress_02\/wissenswertes\/geschichte\/\">Continue reading <span class=\"meta-nav\">&rarr;<\/span><\/a><\/p>\n","protected":false},"author":8,"featured_media":0,"parent":291,"menu_order":0,"comment_status":"closed","ping_status":"closed","template":"","meta":{"footnotes":""},"class_list":["post-1707","page","type-page","status-publish","hentry"],"_links":{"self":[{"href":"https:\/\/hwbk.de\/WordPress_02\/wp-json\/wp\/v2\/pages\/1707","targetHints":{"allow":["GET"]}}],"collection":[{"href":"https:\/\/hwbk.de\/WordPress_02\/wp-json\/wp\/v2\/pages"}],"about":[{"href":"https:\/\/hwbk.de\/WordPress_02\/wp-json\/wp\/v2\/types\/page"}],"author":[{"embeddable":true,"href":"https:\/\/hwbk.de\/WordPress_02\/wp-json\/wp\/v2\/users\/8"}],"replies":[{"embeddable":true,"href":"https:\/\/hwbk.de\/WordPress_02\/wp-json\/wp\/v2\/comments?post=1707"}],"version-history":[{"count":7,"href":"https:\/\/hwbk.de\/WordPress_02\/wp-json\/wp\/v2\/pages\/1707\/revisions"}],"predecessor-version":[{"id":2500,"href":"https:\/\/hwbk.de\/WordPress_02\/wp-json\/wp\/v2\/pages\/1707\/revisions\/2500"}],"up":[{"embeddable":true,"href":"https:\/\/hwbk.de\/WordPress_02\/wp-json\/wp\/v2\/pages\/291"}],"wp:attachment":[{"href":"https:\/\/hwbk.de\/WordPress_02\/wp-json\/wp\/v2\/media?parent=1707"}],"curies":[{"name":"wp","href":"https:\/\/api.w.org\/{rel}","templated":true}]}}