{"id":1777,"date":"2015-09-02T18:36:06","date_gmt":"2015-09-02T19:36:06","guid":{"rendered":"http:\/\/blog.hwbk.de\/?page_id=1777"},"modified":"2024-11-29T15:35:57","modified_gmt":"2024-11-29T16:35:57","slug":"kinderpflegerin","status":"publish","type":"page","link":"https:\/\/hwbk.de\/WordPress_02\/bildungsgange\/berufsfachschule-abschluss-mittlere-reife\/kinderpflegerin\/","title":{"rendered":"Kinderpfleger\/in"},"content":{"rendered":"\n<h2 class=\"wp-block-heading\" id=\"block-c0d53e30-67f3-468b-af74-e24df5080d40\">Berufsfachschule f\u00fcr Sozialwesen (Kinderpfleger\/in)<\/h2>\n\n\n\n<div class=\"wp-block-columns is-layout-flex wp-container-core-columns-is-layout-9d6595d7 wp-block-columns-is-layout-flex\">\n<div class=\"wp-block-column is-layout-flow wp-block-column-is-layout-flow\" style=\"flex-basis:75%\">\n<p>Die Berufsfachschule f\u00fcr Sozialwesen (Kinderpfleger\/in) bietet die Basis-Ausbildung f\u00fcr das sozialp\u00e4dagogische Handlungsfeld an. Durch die Verkn\u00fcpfung von Lernort Schule und Praktikumsort Kindergarten werden zahlreiche Kenntnisse und Kompetenzen erworben, auf die in einer folgenden Ausbildung, z.B. zur Erzieherin\/zum Erzieher aufgebaut werden kann.<\/p>\n\n\n\n<div class=\"wp-block-pb-accordion-item c-accordion__item js-accordion-item no-js\" data-initially-open=\"false\" data-click-to-close=\"true\" data-auto-close=\"true\" data-scroll=\"false\" data-scroll-offset=\"0\"><h4 id=\"at-45851\" class=\"c-accordion__title js-accordion-controller\" role=\"button\">Welche Voraussetzungen muss ich erf\u00fcllen?<\/h4><div id=\"ac-45851\" class=\"c-accordion__content\">\n<p>Ich muss mindestens den Ersten Schulabschluss (ehem. Hauptschulabschluss nach Klasse 9) vorweisen. Au\u00dferdem arbeite ich gerne mit Kindern und bin aufgeschlossen.<\/p>\n<\/div><\/div>\n\n\n\n<div class=\"wp-block-pb-accordion-item c-accordion__item js-accordion-item no-js\" data-initially-open=\"false\" data-click-to-close=\"true\" data-auto-close=\"true\" data-scroll=\"false\" data-scroll-offset=\"0\"><h4 id=\"at-95068\" class=\"c-accordion__title js-accordion-controller\" role=\"button\">Welchen Schulabschluss kann ich erreichen?<\/h4><div id=\"ac-95068\" class=\"c-accordion__content\">\n<p>Bei entsprechenden Noten kannst du den Realschulabschluss mit Qualifikationsvermerk erreichen.<\/p>\n<\/div><\/div>\n\n\n\n<div class=\"wp-block-pb-accordion-item c-accordion__item js-accordion-item no-js\" data-initially-open=\"false\" data-click-to-close=\"true\" data-auto-close=\"true\" data-scroll=\"false\" data-scroll-offset=\"0\"><h4 id=\"at-752\" class=\"c-accordion__title js-accordion-controller\" role=\"button\">Welche Unterrichtsf\u00e4cher belege ich?<\/h4><div id=\"ac-752\" class=\"c-accordion__content\">\n<p>Neben den bekannten F\u00e4chern Deutsch, Mathematik und Englisch gibt es zus\u00e4tzlich die berufsbezogenen F\u00e4cher. Diese sind die F\u00e4cher Sozialp\u00e4dagogik, Gesundheitsf\u00f6rderung und Pflege, Bewegungserziehung und Musik.<\/p>\n<\/div><\/div>\n\n\n\n<div class=\"wp-block-pb-accordion-item c-accordion__item js-accordion-item no-js\" data-initially-open=\"false\" data-click-to-close=\"true\" data-auto-close=\"true\" data-scroll=\"false\" data-scroll-offset=\"0\"><h4 id=\"at-90761\" class=\"c-accordion__title js-accordion-controller\" role=\"button\">Welche Praktika absolviere ich?<\/h4><div id=\"ac-90761\" class=\"c-accordion__content\">\n<p>Du absolviert innerhalb der 2 Schuljahre 16 Wochen Praktikum im Kindergarten im Kreis Paderborn.<\/p>\n<\/div><\/div>\n\n\n\n<div class=\"wp-block-pb-accordion-item c-accordion__item js-accordion-item no-js\" data-initially-open=\"false\" data-click-to-close=\"true\" data-auto-close=\"true\" data-scroll=\"false\" data-scroll-offset=\"0\"><h4 id=\"at-31146\" class=\"c-accordion__title js-accordion-controller\" role=\"button\">Welche Besonderheiten bietet der Bildungsgang?<\/h4><div id=\"ac-31146\" class=\"c-accordion__content\">\n<p>Du erlernst hier in der Basis-Ausbildung den Umgang und die Arbeit mit Kindern kennen. Durch die enge Vernetzung von Schule und Kindergarten wirst Du auf die Arbeit im Kindergarten vorbereitet, z.B. lernst Du im Unterricht die Bilderbuch-Betrachtung kennen und f\u00fchrst diese dann im Kindergarten mit den Kindern durch.<\/p>\n<\/div><\/div>\n\n\n\n<div class=\"wp-block-pb-accordion-item c-accordion__item js-accordion-item no-js\" data-initially-open=\"false\" data-click-to-close=\"true\" data-auto-close=\"true\" data-scroll=\"false\" data-scroll-offset=\"0\"><h4 id=\"at-17044\" class=\"c-accordion__title js-accordion-controller\" role=\"button\">Welche M\u00f6glichkeiten bieten sich mir mit dem Schulabschluss?<\/h4><div id=\"ac-17044\" class=\"c-accordion__content\">\n<p>Die Kinderpflege-Ausbildung ist eine Zugangsvoraussetzung f\u00fcr die Ausbildung zur staatlich anerkannten Erzieherin\/zum staatlich anerkannten Erzieher. Diese Ausbildung bietet Dir eine positive Basis zur Weiterentwicklung im sozialp\u00e4dagogischen Bereich. Au\u00dferdem besteht die M\u00f6glichkeit an unserer Schule das Fachabitur oder auch das Vollabitur zu erwerben.<\/p>\n<\/div><\/div>\n\n\n\n<div class=\"wp-block-pb-accordion-item c-accordion__item js-accordion-item no-js\" data-initially-open=\"false\" data-click-to-close=\"true\" data-auto-close=\"true\" data-scroll=\"false\" data-scroll-offset=\"0\"><h4 id=\"at-44846\" class=\"c-accordion__title js-accordion-controller\" role=\"button\">Wie kann ich mich f\u00fcr den Bildungsgang anmelden?<\/h4><div id=\"ac-44846\" class=\"c-accordion__content\">\n<p>Du kannst dich direkt nach Halbjahreszeugnissen bei uns anmelden. Wir ben\u00f6tigen zus\u00e4tzlich dazu dein Zeugnis (beglaubigte Kopie und mindestens den Ersten Schulabschluss (ehem. Hauptschulabschluss Klasse 9)) und deinen Lebenslauf. <a href=\"http:\/\/hwbk.de\/WordPress_02\/beratung\/\">Weitere Informationen erh\u00e4lst du hier<\/a>.<\/p>\n<\/div><\/div>\n\n\n\n<div class=\"wp-block-pb-accordion-item c-accordion__item js-accordion-item no-js\" data-initially-open=\"false\" data-click-to-close=\"true\" data-auto-close=\"true\" data-scroll=\"false\" data-scroll-offset=\"0\"><h4 id=\"at-11536\" class=\"c-accordion__title js-accordion-controller\" role=\"button\">Flyer zum Bildungsgang<\/h4><div id=\"ac-11536\" class=\"c-accordion__content\">\n<p><a href=\"http:\/\/hwbk.de\/WordPress_02\/wp-content\/uploads\/2024\/11\/14_Berufsfachschule-fuer-Sozialwesen_Infoflyer_2024.pdf\" data-type=\"URL\" target=\"_blank\" rel=\"noreferrer noopener\">Flyer<\/a> (bitte anklicken)<\/p>\n<\/div><\/div>\n\n\n\n<p><\/p>\n<\/div>\n\n\n\n<div class=\"wp-block-column is-layout-flow wp-block-column-is-layout-flow\" style=\"flex-basis:25%\">\n<h4 class=\"wp-block-heading\">Ansprechpartnerin<\/h4>\n\n\n\n<p>Frau Bredebusch<\/p>\n\n\n\n<p>\u2709 <a href=\"mailto:claudia.bredebusch@hwbk.de\">claudia.bredebusch@hwbk.de<\/a><\/p>\n\n\n\n<p>\u260e 05251\/1423-200<\/p>\n\n\n\n<figure class=\"wp-block-embed is-type-video is-provider-youtube wp-block-embed-youtube wp-embed-aspect-16-9 wp-has-aspect-ratio\"><div class=\"wp-block-embed__wrapper\">\n<iframe loading=\"lazy\"  id=\"_ytid_73027\"  width=\"480\" height=\"270\"  data-origwidth=\"480\" data-origheight=\"270\" src=\"https:\/\/www.youtube.com\/embed\/PJgq-vw-uRQ?enablejsapi=1&#038;autoplay=0&#038;cc_load_policy=0&#038;cc_lang_pref=&#038;iv_load_policy=1&#038;loop=0&#038;rel=0&#038;fs=1&#038;playsinline=0&#038;autohide=2&#038;theme=dark&#038;color=red&#038;controls=1&#038;disablekb=0&#038;\" class=\"__youtube_prefs__  epyt-is-override  no-lazyload\" title=\"YouTube player\"  allow=\"fullscreen; accelerometer; autoplay; clipboard-write; encrypted-media; gyroscope; picture-in-picture; web-share\" referrerpolicy=\"strict-origin-when-cross-origin\" allowfullscreen data-no-lazy=\"1\" data-skipgform_ajax_framebjll=\"\"><\/iframe>\n<\/div><\/figure>\n\n\n\n<figure class=\"wp-block-embed is-type-video is-provider-youtube wp-block-embed-youtube wp-embed-aspect-16-9 wp-has-aspect-ratio\"><div class=\"wp-block-embed__wrapper\">\n<iframe loading=\"lazy\"  id=\"_ytid_63868\"  width=\"480\" height=\"270\"  data-origwidth=\"480\" data-origheight=\"270\" src=\"https:\/\/www.youtube.com\/embed\/DOcg7RmP5aE?enablejsapi=1&#038;autoplay=0&#038;cc_load_policy=0&#038;cc_lang_pref=&#038;iv_load_policy=1&#038;loop=0&#038;rel=0&#038;fs=1&#038;playsinline=0&#038;autohide=2&#038;theme=dark&#038;color=red&#038;controls=1&#038;disablekb=0&#038;\" class=\"__youtube_prefs__  epyt-is-override  no-lazyload\" title=\"YouTube player\"  allow=\"fullscreen; accelerometer; autoplay; clipboard-write; encrypted-media; gyroscope; picture-in-picture; web-share\" referrerpolicy=\"strict-origin-when-cross-origin\" allowfullscreen data-no-lazy=\"1\" data-skipgform_ajax_framebjll=\"\"><\/iframe>\n<\/div><\/figure>\n<\/div>\n<\/div>\n","protected":false},"excerpt":{"rendered":"<p>Berufsfachschule f\u00fcr Sozialwesen (Kinderpfleger\/in) Die Berufsfachschule f\u00fcr Sozialwesen (Kinderpfleger\/in) bietet die Basis-Ausbildung f\u00fcr das sozialp\u00e4dagogische Handlungsfeld an. Durch die Verkn\u00fcpfung von Lernort Schule und Praktikumsort Kindergarten werden zahlreiche Kenntnisse und Kompetenzen erworben, auf die in einer folgenden Ausbildung, z.B. zur &hellip; <a href=\"https:\/\/hwbk.de\/WordPress_02\/bildungsgange\/berufsfachschule-abschluss-mittlere-reife\/kinderpflegerin\/\">Continue reading <span class=\"meta-nav\">&rarr;<\/span><\/a><\/p>\n","protected":false},"author":8,"featured_media":0,"parent":858,"menu_order":3,"comment_status":"closed","ping_status":"closed","template":"","meta":{"footnotes":""},"class_list":["post-1777","page","type-page","status-publish","hentry"],"_links":{"self":[{"href":"https:\/\/hwbk.de\/WordPress_02\/wp-json\/wp\/v2\/pages\/1777","targetHints":{"allow":["GET"]}}],"collection":[{"href":"https:\/\/hwbk.de\/WordPress_02\/wp-json\/wp\/v2\/pages"}],"about":[{"href":"https:\/\/hwbk.de\/WordPress_02\/wp-json\/wp\/v2\/types\/page"}],"author":[{"embeddable":true,"href":"https:\/\/hwbk.de\/WordPress_02\/wp-json\/wp\/v2\/users\/8"}],"replies":[{"embeddable":true,"href":"https:\/\/hwbk.de\/WordPress_02\/wp-json\/wp\/v2\/comments?post=1777"}],"version-history":[{"count":13,"href":"https:\/\/hwbk.de\/WordPress_02\/wp-json\/wp\/v2\/pages\/1777\/revisions"}],"predecessor-version":[{"id":6884,"href":"https:\/\/hwbk.de\/WordPress_02\/wp-json\/wp\/v2\/pages\/1777\/revisions\/6884"}],"up":[{"embeddable":true,"href":"https:\/\/hwbk.de\/WordPress_02\/wp-json\/wp\/v2\/pages\/858"}],"wp:attachment":[{"href":"https:\/\/hwbk.de\/WordPress_02\/wp-json\/wp\/v2\/media?parent=1777"}],"curies":[{"name":"wp","href":"https:\/\/api.w.org\/{rel}","templated":true}]}}