{"id":1793,"date":"2015-09-02T18:43:54","date_gmt":"2015-09-02T19:43:54","guid":{"rendered":"http:\/\/blog.hwbk.de\/?page_id=1793"},"modified":"2024-11-29T15:14:57","modified_gmt":"2024-11-29T16:14:57","slug":"freizeitsportleiter","status":"publish","type":"page","link":"https:\/\/hwbk.de\/WordPress_02\/bildungsgange\/berufliches-gymnasium-abschluss-voll-abitur\/freizeitsportleiter\/","title":{"rendered":"Freizeitsportleiter\/in"},"content":{"rendered":"\n<h2 class=\"wp-block-heading\" id=\"block-c0d53e30-67f3-468b-af74-e24df5080d40\">Berufliches Gymnasium f\u00fcr Gesundheit und Soziales (Freizeitsportleiter\/in)<\/h2>\n\n\n\n<div class=\"wp-block-columns is-layout-flex wp-container-core-columns-is-layout-9d6595d7 wp-block-columns-is-layout-flex\">\n<div class=\"wp-block-column is-layout-flow wp-block-column-is-layout-flow\" style=\"flex-basis:75%\">\n<p>Mit f\u00fcnf Stunden Sport pro Woche werden die Sch\u00fclerinnen und Sch\u00fcler im Theorie- und Praxisunterricht gefordert. Theoretische Fachinhalte k\u00f6nnen im sportpraktischen Handeln erprobt, analysiert und reflektiert werden. In Kombination mit weiteren F\u00e4chern wie Didaktik &amp; Methodik und Erziehungswissenschaften begleitet der Leistungskurs Sport die Sch\u00fclerinnen und Sch\u00fcler zu selbstbewussten Freizeitsportler\/innen.<\/p>\n\n\n\n<div class=\"wp-block-pb-accordion-item c-accordion__item js-accordion-item no-js\" data-initially-open=\"false\" data-click-to-close=\"true\" data-auto-close=\"true\" data-scroll=\"false\" data-scroll-offset=\"0\"><h4 id=\"at-45851\" class=\"c-accordion__title js-accordion-controller\" role=\"button\">Welche Voraussetzungen muss ich erf\u00fcllen?<\/h4><div id=\"ac-45851\" class=\"c-accordion__content\">\n<ul class=\"wp-block-list\"><li>f\u00fcr die Klasse 11: mittlerer Schulabschluss (\u201eRealschulabschluss\u201c) mit Qualifikationsvermerk zum Besuch der gymnasialen Oberstufe (\u201eQuali\u201c)<\/li><li>f\u00fcr die Klasse 12: bei Nachweis der Fachhochschulreife und der 2. Fremdsprache (4 Jahre durchgehender Unterricht in z.B. Franz\u00f6sisch, Latein oder Spanisch) kann u.U. unter Beibehaltung des Schwerpunkts eine Aufnahme in die Klasse 12 erfolgen<\/li><\/ul>\n<\/div><\/div>\n\n\n\n<div class=\"wp-block-pb-accordion-item c-accordion__item js-accordion-item no-js\" data-initially-open=\"false\" data-click-to-close=\"true\" data-auto-close=\"true\" data-scroll=\"false\" data-scroll-offset=\"0\"><h4 id=\"at-95068\" class=\"c-accordion__title js-accordion-controller\" role=\"button\">Welchen Schulabschluss kann ich erreichen?<\/h4><div id=\"ac-95068\" class=\"c-accordion__content\">\n<ul class=\"wp-block-list\"><li>Allgemeine Hochschulreife nach der Klasse 13<\/li><li>zus\u00e4tzlich: Qualifikation zum Freizeitsportleiter \/ zur Freizeitsportleiterin<\/li><\/ul>\n<\/div><\/div>\n\n\n\n<div class=\"wp-block-pb-accordion-item c-accordion__item js-accordion-item no-js\" data-initially-open=\"false\" data-click-to-close=\"true\" data-auto-close=\"true\" data-scroll=\"false\" data-scroll-offset=\"0\"><h4 id=\"at-752\" class=\"c-accordion__title js-accordion-controller\" role=\"button\">Welche Unterrichtsf\u00e4cher belege ich?<\/h4><div id=\"ac-752\" class=\"c-accordion__content\">\n<p><strong>Leistungskurse:<\/strong><\/p>\n\n\n\n<ul class=\"wp-block-list\"><li>Sport<\/li><li>Biologie<\/li><\/ul>\n\n\n\n<p><strong>Grundkurse:<\/strong><\/p>\n\n\n\n<ul class=\"wp-block-list\"><li>Deutsch<\/li><li>Englisch<\/li><li>Spanisch<\/li><li>Erziehungswissenschaften<\/li><li>Didaktik und Methodik<\/li><li>Mathematik<\/li><li>Gesellschaftslehre mit Geschichte<\/li><li>Religionslehre<\/li><\/ul>\n\n\n\n<p><strong>Differenzierungsbereich:<\/strong><\/p>\n\n\n\n<ul class=\"wp-block-list\"><li>Wirtschaftslehre<\/li><li>Datenverarbeitung<\/li><\/ul>\n<\/div><\/div>\n\n\n\n<div class=\"wp-block-pb-accordion-item c-accordion__item js-accordion-item no-js\" data-initially-open=\"false\" data-click-to-close=\"true\" data-auto-close=\"true\" data-scroll=\"false\" data-scroll-offset=\"0\"><h4 id=\"at-90761\" class=\"c-accordion__title js-accordion-controller\" role=\"button\">Welche Praktika absolviere ich?<\/h4><div id=\"ac-90761\" class=\"c-accordion__content\">\n<p>Ab der Jahrgangsstufe 12.1 bis in die Jahrgangsstufe 13.1 finden au\u00dferschulische Praktika in sportspezifischen Einrichtungen statt, wie z.B. in Sportvereinen.<\/p>\n<\/div><\/div>\n\n\n\n<div class=\"wp-block-pb-accordion-item c-accordion__item js-accordion-item no-js\" data-initially-open=\"false\" data-click-to-close=\"true\" data-auto-close=\"true\" data-scroll=\"false\" data-scroll-offset=\"0\"><h4 id=\"at-31146\" class=\"c-accordion__title js-accordion-controller\" role=\"button\">Welche Besonderheiten bietet der Bildungsgang?<\/h4><div id=\"ac-31146\" class=\"c-accordion__content\">\n<ul class=\"wp-block-list\"><li>Unterricht im Klassenverband<\/li><li>starke Theorie-Praxis-Verkn\u00fcpfung<\/li><li>Allgemeine Hochschulreife mit Qualifikation zum Freizeitsportleiter \/ zur Freizeitsportleiterin<\/li><li>sportspezifische Studienfahrt in der Klasse 12, Schwerpunkt: Einf\u00fchrung in das Skilaufen<\/li><li>Erwerb des \u00dcbungsleiterscheins C (inkl. Erste-Hilfe-Kurs)<\/li><li>Erwerb der <a href=\"https:\/\/www.juleica.de\/\" target=\"_blank\" rel=\"noreferrer noopener\">JULEICA<\/a><\/li><\/ul>\n<\/div><\/div>\n\n\n\n<div class=\"wp-block-pb-accordion-item c-accordion__item js-accordion-item no-js\" data-initially-open=\"false\" data-click-to-close=\"true\" data-auto-close=\"true\" data-scroll=\"false\" data-scroll-offset=\"0\"><h4 id=\"at-17044\" class=\"c-accordion__title js-accordion-controller\" role=\"button\">Welche M\u00f6glichkeiten bieten sich mir mit dem Schulabschluss?<\/h4><div id=\"ac-17044\" class=\"c-accordion__content\">\n<ul class=\"wp-block-list\"><li>Studium aller Studieng\u00e4nge an Universit\u00e4ten, Gesamthochschulen, Fachhochschulen<\/li><li>besonders geeignet sind Studieng\u00e4nge, wie z.B. entsprechende Lehramtsstudieng\u00e4nge, Sportwissenschaften, Biologie<\/li><\/ul>\n<\/div><\/div>\n\n\n\n<div class=\"wp-block-pb-accordion-item c-accordion__item js-accordion-item no-js\" data-initially-open=\"false\" data-click-to-close=\"true\" data-auto-close=\"true\" data-scroll=\"false\" data-scroll-offset=\"0\"><h4 id=\"at-44846\" class=\"c-accordion__title js-accordion-controller\" role=\"button\">Wie kann ich mich f\u00fcr den Bildungsgang anmelden?<\/h4><div id=\"ac-44846\" class=\"c-accordion__content\">\n<p>Bitte melde Dich direkt nach den Halbjahreszeugnissen online an (<a href=\"http:\/\/www.schulbewerbung.de\" target=\"_blank\" rel=\"noreferrer noopener\">www.schulbewerbung.de<\/a>). Wir ben\u00f6tigen zus\u00e4tzlich dazu dein Halbjahreszeugnis (beglaubigte Kopie) und deinen Lebenslauf (tabellarisch). <a href=\"http:\/\/hwbk.de\/WordPress_02\/beratung\/\">Weitere Informationen zur Anmeldung erh\u00e4lst du hier<\/a><\/p>\n<\/div><\/div>\n\n\n\n<div class=\"wp-block-pb-accordion-item c-accordion__item js-accordion-item no-js\" data-initially-open=\"false\" data-click-to-close=\"true\" data-auto-close=\"true\" data-scroll=\"false\" data-scroll-offset=\"0\"><h4 id=\"at-11536\" class=\"c-accordion__title js-accordion-controller\" role=\"button\">Flyer zum Bildungsgang<\/h4><div id=\"ac-11536\" class=\"c-accordion__content\">\n<p><a href=\"http:\/\/hwbk.de\/WordPress_02\/wp-content\/uploads\/2024\/11\/02_Berufliches-Gymnasium-fuer-Gesundheit-und-Soziales-Allgemeine-Hochschulreife_FreizeitsportleiterIn_Infoflyer_2024.pdf\" target=\"_blank\" rel=\"noreferrer noopener\">Flyer<\/a> (bitte anklicken)<\/p>\n<\/div><\/div>\n\n\n\n<p><\/p>\n<\/div>\n\n\n\n<div class=\"wp-block-column is-layout-flow wp-block-column-is-layout-flow\" style=\"flex-basis:25%\">\n<h4 class=\"wp-block-heading\">Ansprechpartnerin<\/h4>\n\n\n\n<p>Frau Mertens<\/p>\n\n\n\n<p>\u2709 <a href=\"mailto:mertens@hwbk.de\">mertens@hwbk.de<\/a><\/p>\n\n\n\n<p>\u260e 05251\/1423-200<\/p>\n\n\n\n<figure class=\"wp-block-embed is-type-video is-provider-youtube wp-block-embed-youtube wp-embed-aspect-16-9 wp-has-aspect-ratio\"><div class=\"wp-block-embed__wrapper\">\n<iframe loading=\"lazy\"  id=\"_ytid_71045\"  width=\"480\" height=\"270\"  data-origwidth=\"480\" data-origheight=\"270\" src=\"https:\/\/www.youtube.com\/embed\/Bhw1Z724NWo?enablejsapi=1&#038;autoplay=0&#038;cc_load_policy=0&#038;cc_lang_pref=&#038;iv_load_policy=1&#038;loop=0&#038;rel=0&#038;fs=1&#038;playsinline=0&#038;autohide=2&#038;theme=dark&#038;color=red&#038;controls=1&#038;disablekb=0&#038;\" class=\"__youtube_prefs__  epyt-is-override  no-lazyload\" title=\"YouTube player\"  allow=\"fullscreen; accelerometer; autoplay; clipboard-write; encrypted-media; gyroscope; picture-in-picture; web-share\" referrerpolicy=\"strict-origin-when-cross-origin\" allowfullscreen data-no-lazy=\"1\" data-skipgform_ajax_framebjll=\"\"><\/iframe>\n<\/div><\/figure>\n\n\n\n<figure class=\"wp-block-embed is-type-video is-provider-youtube wp-block-embed-youtube wp-embed-aspect-16-9 wp-has-aspect-ratio\"><div class=\"wp-block-embed__wrapper\">\n<iframe loading=\"lazy\"  id=\"_ytid_57434\"  width=\"480\" height=\"270\"  data-origwidth=\"480\" data-origheight=\"270\" src=\"https:\/\/www.youtube.com\/embed\/yHELOxr-F2Q?enablejsapi=1&#038;autoplay=0&#038;cc_load_policy=0&#038;cc_lang_pref=&#038;iv_load_policy=1&#038;loop=0&#038;rel=0&#038;fs=1&#038;playsinline=0&#038;autohide=2&#038;theme=dark&#038;color=red&#038;controls=1&#038;disablekb=0&#038;\" class=\"__youtube_prefs__  epyt-is-override  no-lazyload\" title=\"YouTube player\"  allow=\"fullscreen; accelerometer; autoplay; clipboard-write; encrypted-media; gyroscope; picture-in-picture; web-share\" referrerpolicy=\"strict-origin-when-cross-origin\" allowfullscreen data-no-lazy=\"1\" data-skipgform_ajax_framebjll=\"\"><\/iframe>\n<\/div><\/figure>\n<\/div>\n<\/div>\n","protected":false},"excerpt":{"rendered":"<p>Berufliches Gymnasium f\u00fcr Gesundheit und Soziales (Freizeitsportleiter\/in) Mit f\u00fcnf Stunden Sport pro Woche werden die Sch\u00fclerinnen und Sch\u00fcler im Theorie- und Praxisunterricht gefordert. Theoretische Fachinhalte k\u00f6nnen im sportpraktischen Handeln erprobt, analysiert und reflektiert werden. In Kombination mit weiteren F\u00e4chern wie &hellip; <a href=\"https:\/\/hwbk.de\/WordPress_02\/bildungsgange\/berufliches-gymnasium-abschluss-voll-abitur\/freizeitsportleiter\/\">Continue reading <span class=\"meta-nav\">&rarr;<\/span><\/a><\/p>\n","protected":false},"author":8,"featured_media":0,"parent":863,"menu_order":3,"comment_status":"closed","ping_status":"closed","template":"","meta":{"footnotes":""},"class_list":["post-1793","page","type-page","status-publish","hentry"],"_links":{"self":[{"href":"https:\/\/hwbk.de\/WordPress_02\/wp-json\/wp\/v2\/pages\/1793","targetHints":{"allow":["GET"]}}],"collection":[{"href":"https:\/\/hwbk.de\/WordPress_02\/wp-json\/wp\/v2\/pages"}],"about":[{"href":"https:\/\/hwbk.de\/WordPress_02\/wp-json\/wp\/v2\/types\/page"}],"author":[{"embeddable":true,"href":"https:\/\/hwbk.de\/WordPress_02\/wp-json\/wp\/v2\/users\/8"}],"replies":[{"embeddable":true,"href":"https:\/\/hwbk.de\/WordPress_02\/wp-json\/wp\/v2\/comments?post=1793"}],"version-history":[{"count":26,"href":"https:\/\/hwbk.de\/WordPress_02\/wp-json\/wp\/v2\/pages\/1793\/revisions"}],"predecessor-version":[{"id":6875,"href":"https:\/\/hwbk.de\/WordPress_02\/wp-json\/wp\/v2\/pages\/1793\/revisions\/6875"}],"up":[{"embeddable":true,"href":"https:\/\/hwbk.de\/WordPress_02\/wp-json\/wp\/v2\/pages\/863"}],"wp:attachment":[{"href":"https:\/\/hwbk.de\/WordPress_02\/wp-json\/wp\/v2\/media?parent=1793"}],"curies":[{"name":"wp","href":"https:\/\/api.w.org\/{rel}","templated":true}]}}