{"id":3016,"date":"2018-11-09T09:20:27","date_gmt":"2018-11-09T10:20:27","guid":{"rendered":"https:\/\/hwbk.de\/WordPress_02\/?page_id=3016"},"modified":"2019-11-28T13:03:59","modified_gmt":"2019-11-28T14:03:59","slug":"schulsanitaetsdienst","status":"publish","type":"page","link":"https:\/\/hwbk.de\/WordPress_02\/wissenswertes\/schulsanitaetsdienst\/","title":{"rendered":"Schulsanit\u00e4tsdienst"},"content":{"rendered":"<p><iframe loading=\"lazy\" title=\"SSD Video\" width=\"500\" height=\"281\" src=\"https:\/\/www.youtube.com\/embed\/OpoOdEXkwAA?feature=oembed\" frameborder=\"0\" allow=\"accelerometer; autoplay; clipboard-write; encrypted-media; gyroscope; picture-in-picture; web-share\" referrerpolicy=\"strict-origin-when-cross-origin\" allowfullscreen><\/iframe><\/p>\n<p>Der Schulsanit\u00e4tsdienst, abgek\u00fcrzt auch SSD oder SSanD, ist eine gemeinn\u00fctzige Institution an Schulen, die der Schulleitung direkt untergeordnet ist. Er erg\u00e4nzt und sichert dort die Erste-Hilfe-Versorgung.<\/p>\n<p>Sch\u00fcler, die mindestens in der Ersten Hilfe ausgebildet sind, stellen im Rahmen des Schulsanit\u00e4tsdienstes die Erstversorgung im Fall von Unf\u00e4llen, Verletzungen und Krankheiten bis zum Eintreffen des Rettungsdienstes sicher. Weitere Aufgaben finden sich in der sanit\u00e4tsdienstlichen Betreuung von Schulveranstaltungen.<\/p>\n<p>Schulsanit\u00e4tsdienste gibt es nicht an jeder Schule, da diese \u00fcber die Durchf\u00fchrung eines solchen Angebots selbst entscheiden kann.<\/p>\n<p>H\u00e4ufig wird das Projekt in Form einer Arbeitsgemeinschaft (AG) oder eines Arbeitskreises (AK) im Rahmen der Sch\u00fclermitverantwortung beziehungsweise Sch\u00fclervertretung organisiert. Um ein Schulsanit\u00e4tsdienst-Projekt zu erm\u00f6glichen, sollten auch einige Lehrer im Sanit\u00e4tswesen geschult sein. Teilweise wird der Schulsanit\u00e4tsdienst auch im Rahmen eines Wahlfaches betrieben. An vielen Schulen ist es aber auch m\u00f6glich, dass \u00e4ltere Sch\u00fcler die Leitung des Schulsanit\u00e4tsdienstes \u00fcbernehmen, das hei\u00dft als Schulsanit\u00e4tsdienstleiter fungieren.<\/p>\n<p>Das Helene-Weber-Berufskolleg hat eine Kooperation mit dem <a href=\"https:\/\/www.jrk-nordrhein.de\/jrk-in-der-schule\/schulsanis\/\">Deutschen Roten Kreuz<\/a>.<\/p>\n<p><iframe loading=\"lazy\"  id=\"_ytid_89801\"  width=\"480\" height=\"270\"  data-origwidth=\"480\" data-origheight=\"270\" src=\"https:\/\/www.youtube.com\/embed\/4H7lYs51hzg?enablejsapi=1&#038;autoplay=0&#038;cc_load_policy=0&#038;cc_lang_pref=&#038;iv_load_policy=1&#038;loop=0&#038;rel=0&#038;fs=1&#038;playsinline=0&#038;autohide=2&#038;theme=dark&#038;color=red&#038;controls=1&#038;disablekb=0&#038;\" class=\"__youtube_prefs__  epyt-is-override  no-lazyload\" title=\"YouTube player\"  allow=\"fullscreen; accelerometer; autoplay; clipboard-write; encrypted-media; gyroscope; picture-in-picture; web-share\" referrerpolicy=\"strict-origin-when-cross-origin\" allowfullscreen data-no-lazy=\"1\" data-skipgform_ajax_framebjll=\"\"><\/iframe><\/p>\n","protected":false},"excerpt":{"rendered":"<p>Der Schulsanit\u00e4tsdienst, abgek\u00fcrzt auch SSD oder SSanD, ist eine gemeinn\u00fctzige Institution an Schulen, die der Schulleitung direkt untergeordnet ist. Er erg\u00e4nzt und sichert dort die Erste-Hilfe-Versorgung. Sch\u00fcler, die mindestens in der Ersten Hilfe ausgebildet sind, stellen im Rahmen des Schulsanit\u00e4tsdienstes &hellip; <a href=\"https:\/\/hwbk.de\/WordPress_02\/wissenswertes\/schulsanitaetsdienst\/\">Continue reading <span class=\"meta-nav\">&rarr;<\/span><\/a><\/p>\n","protected":false},"author":1,"featured_media":0,"parent":291,"menu_order":0,"comment_status":"closed","ping_status":"closed","template":"","meta":{"footnotes":""},"class_list":["post-3016","page","type-page","status-publish","hentry"],"_links":{"self":[{"href":"https:\/\/hwbk.de\/WordPress_02\/wp-json\/wp\/v2\/pages\/3016","targetHints":{"allow":["GET"]}}],"collection":[{"href":"https:\/\/hwbk.de\/WordPress_02\/wp-json\/wp\/v2\/pages"}],"about":[{"href":"https:\/\/hwbk.de\/WordPress_02\/wp-json\/wp\/v2\/types\/page"}],"author":[{"embeddable":true,"href":"https:\/\/hwbk.de\/WordPress_02\/wp-json\/wp\/v2\/users\/1"}],"replies":[{"embeddable":true,"href":"https:\/\/hwbk.de\/WordPress_02\/wp-json\/wp\/v2\/comments?post=3016"}],"version-history":[{"count":4,"href":"https:\/\/hwbk.de\/WordPress_02\/wp-json\/wp\/v2\/pages\/3016\/revisions"}],"predecessor-version":[{"id":3366,"href":"https:\/\/hwbk.de\/WordPress_02\/wp-json\/wp\/v2\/pages\/3016\/revisions\/3366"}],"up":[{"embeddable":true,"href":"https:\/\/hwbk.de\/WordPress_02\/wp-json\/wp\/v2\/pages\/291"}],"wp:attachment":[{"href":"https:\/\/hwbk.de\/WordPress_02\/wp-json\/wp\/v2\/media?parent=3016"}],"curies":[{"name":"wp","href":"https:\/\/api.w.org\/{rel}","templated":true}]}}