{"id":3551,"date":"2020-08-18T11:12:30","date_gmt":"2020-08-18T12:12:30","guid":{"rendered":"https:\/\/hwbk.de\/WordPress_02\/?page_id=3551"},"modified":"2026-03-18T07:43:09","modified_gmt":"2026-03-18T08:43:09","slug":"downloads","status":"publish","type":"page","link":"https:\/\/hwbk.de\/WordPress_02\/wissenswertes\/downloads\/","title":{"rendered":"Fahrkarten\/Fahrkosten"},"content":{"rendered":"\n<h3 class=\"wp-block-heading\">Beantragung von Sch\u00fclerfahrkarten<\/h3>\n\n\n\n<h5 class=\"wp-block-heading\">Die Sch\u00fclerfahrkarten m\u00fcssen \u00fcber das <a href=\"https:\/\/mein.kreis-paderborn.de\/suche\/-\/vr-bis-detail\/dienstleistung\/14085\/show\" target=\"_blank\" rel=\"noreferrer noopener\">Serviceportal des Kreises Paderborn<\/a> beantragt werden.<\/h5>\n\n\n\n<p><a href=\"https:\/\/www.kreis-paderborn.de\/kreis_paderborn-wAssets\/docs\/40-amt-fuer-schule\/Flyer-Schuelerbefoerderung_Sj.26_27.pdf\" target=\"_blank\" rel=\"noreferrer noopener\">Flyer Beantragung Sch\u00fclermonats- und Schulwegkarten<\/a><\/p>\n\n\n\n<p>Weitere Informationen finden Sie auf den Seiten des Kreises Paderborn (Kategorie &#8222;Downloads&#8220;): <a href=\"https:\/\/www.kreis-paderborn.de\/kreis_paderborn\/buergerservice\/lebenslagen\/dienstleistungen\/40-schuelerfahrtkosten.php\" target=\"_blank\" rel=\"noreferrer noopener\">https:\/\/www.kreis-paderborn.de\/kreis_paderborn\/buergerservice\/lebenslagen\/dienstleistungen\/40-schuelerfahrtkosten.php<\/a><\/p>\n","protected":false},"excerpt":{"rendered":"<p>Beantragung von Sch\u00fclerfahrkarten Die Sch\u00fclerfahrkarten m\u00fcssen \u00fcber das Serviceportal des Kreises Paderborn beantragt werden. Flyer Beantragung Sch\u00fclermonats- und Schulwegkarten Weitere Informationen finden Sie auf den Seiten des Kreises Paderborn (Kategorie &#8222;Downloads&#8220;): https:\/\/www.kreis-paderborn.de\/kreis_paderborn\/buergerservice\/lebenslagen\/dienstleistungen\/40-schuelerfahrtkosten.php<\/p>\n","protected":false},"author":8,"featured_media":0,"parent":291,"menu_order":0,"comment_status":"closed","ping_status":"closed","template":"","meta":{"footnotes":""},"class_list":["post-3551","page","type-page","status-publish","hentry"],"_links":{"self":[{"href":"https:\/\/hwbk.de\/WordPress_02\/wp-json\/wp\/v2\/pages\/3551","targetHints":{"allow":["GET"]}}],"collection":[{"href":"https:\/\/hwbk.de\/WordPress_02\/wp-json\/wp\/v2\/pages"}],"about":[{"href":"https:\/\/hwbk.de\/WordPress_02\/wp-json\/wp\/v2\/types\/page"}],"author":[{"embeddable":true,"href":"https:\/\/hwbk.de\/WordPress_02\/wp-json\/wp\/v2\/users\/8"}],"replies":[{"embeddable":true,"href":"https:\/\/hwbk.de\/WordPress_02\/wp-json\/wp\/v2\/comments?post=3551"}],"version-history":[{"count":20,"href":"https:\/\/hwbk.de\/WordPress_02\/wp-json\/wp\/v2\/pages\/3551\/revisions"}],"predecessor-version":[{"id":7388,"href":"https:\/\/hwbk.de\/WordPress_02\/wp-json\/wp\/v2\/pages\/3551\/revisions\/7388"}],"up":[{"embeddable":true,"href":"https:\/\/hwbk.de\/WordPress_02\/wp-json\/wp\/v2\/pages\/291"}],"wp:attachment":[{"href":"https:\/\/hwbk.de\/WordPress_02\/wp-json\/wp\/v2\/media?parent=3551"}],"curies":[{"name":"wp","href":"https:\/\/api.w.org\/{rel}","templated":true}]}}