{"id":5749,"date":"2022-03-03T04:25:30","date_gmt":"2022-03-03T05:25:30","guid":{"rendered":"http:\/\/hwbk.de\/WordPress_02\/?page_id=5749"},"modified":"2026-01-28T13:29:20","modified_gmt":"2026-01-28T14:29:20","slug":"beratungsteam","status":"publish","type":"page","link":"https:\/\/hwbk.de\/WordPress_02\/beratungsteam\/","title":{"rendered":"Laufbahnberatung"},"content":{"rendered":"\n<p>Wir unterst\u00fctzen Sch\u00fclerinnen und Sch\u00fcler des Helene-Weber-Berufskollegs bei Fragen zur weiteren Schullaufbahn und\/oder zur beruflichen Orientierung.<\/p>\n\n\n\n<p>Nach vorheriger Anmeldung per E-Mail erreicht ihr uns montags in Raum F121 von 9:30-10:15 Uhr. <\/p>\n\n\n\n<p>Schreibt gerne eine E-Mail an: <a rel=\"noreferrer noopener\" href=\"mailto:beratung@hwbk.de\" target=\"_blank\">beratung@hwbk.de<\/a><\/p>\n\n\n\n<p>Wir freuen uns auf euch:<br><a href=\"mailto:howlett@hwbk.de\">Frau Howlett<\/a> (howlett@hwbk.de)<br><a href=\"mailto:jansmann@hwbk.de\">Frau Jansmann<\/a> (jansmann@hwbk.de)<br><a href=\"mailto:marsh@hwbk.de\">Frau <\/a><a href=\"mailto:lill@hwbk.de\">Lill<\/a> (lill@hwbk.de)<br><a href=\"mailto:steins@hwbk.de\">Frau Steins<\/a> (steins@hwbk.de)<\/p>\n","protected":false},"excerpt":{"rendered":"<p>Wir unterst\u00fctzen Sch\u00fclerinnen und Sch\u00fcler des Helene-Weber-Berufskollegs bei Fragen zur weiteren Schullaufbahn und\/oder zur beruflichen Orientierung. Nach vorheriger Anmeldung per E-Mail erreicht ihr uns montags in Raum F121 von 9:30-10:15 Uhr. Schreibt gerne eine E-Mail an: beratung@hwbk.de Wir freuen uns &hellip; <a href=\"https:\/\/hwbk.de\/WordPress_02\/beratungsteam\/\">Continue reading <span class=\"meta-nav\">&rarr;<\/span><\/a><\/p>\n","protected":false},"author":8,"featured_media":0,"parent":0,"menu_order":0,"comment_status":"closed","ping_status":"closed","template":"","meta":{"footnotes":""},"class_list":["post-5749","page","type-page","status-publish","hentry"],"_links":{"self":[{"href":"https:\/\/hwbk.de\/WordPress_02\/wp-json\/wp\/v2\/pages\/5749","targetHints":{"allow":["GET"]}}],"collection":[{"href":"https:\/\/hwbk.de\/WordPress_02\/wp-json\/wp\/v2\/pages"}],"about":[{"href":"https:\/\/hwbk.de\/WordPress_02\/wp-json\/wp\/v2\/types\/page"}],"author":[{"embeddable":true,"href":"https:\/\/hwbk.de\/WordPress_02\/wp-json\/wp\/v2\/users\/8"}],"replies":[{"embeddable":true,"href":"https:\/\/hwbk.de\/WordPress_02\/wp-json\/wp\/v2\/comments?post=5749"}],"version-history":[{"count":12,"href":"https:\/\/hwbk.de\/WordPress_02\/wp-json\/wp\/v2\/pages\/5749\/revisions"}],"predecessor-version":[{"id":7353,"href":"https:\/\/hwbk.de\/WordPress_02\/wp-json\/wp\/v2\/pages\/5749\/revisions\/7353"}],"wp:attachment":[{"href":"https:\/\/hwbk.de\/WordPress_02\/wp-json\/wp\/v2\/media?parent=5749"}],"curies":[{"name":"wp","href":"https:\/\/api.w.org\/{rel}","templated":true}]}}