{"id":5752,"date":"2022-03-03T04:34:48","date_gmt":"2022-03-03T05:34:48","guid":{"rendered":"http:\/\/hwbk.de\/WordPress_02\/?page_id=5752"},"modified":"2025-02-06T10:26:01","modified_gmt":"2025-02-06T11:26:01","slug":"agentur-fuer-arbeit-2","status":"publish","type":"page","link":"https:\/\/hwbk.de\/WordPress_02\/agentur-fuer-arbeit-2\/","title":{"rendered":"Agentur f\u00fcr Arbeit"},"content":{"rendered":"\n<figure class=\"wp-block-image size-large\"><img loading=\"lazy\" decoding=\"async\" width=\"1024\" height=\"290\" src=\"http:\/\/hwbk.de\/WordPress_02\/wp-content\/uploads\/2022\/03\/AgenturFArbeit-1024x290.png\" alt=\"\" class=\"wp-image-5765\" srcset=\"https:\/\/hwbk.de\/WordPress_02\/wp-content\/uploads\/2022\/03\/AgenturFArbeit-1024x290.png 1024w, https:\/\/hwbk.de\/WordPress_02\/wp-content\/uploads\/2022\/03\/AgenturFArbeit-300x85.png 300w, https:\/\/hwbk.de\/WordPress_02\/wp-content\/uploads\/2022\/03\/AgenturFArbeit-128x36.png 128w, https:\/\/hwbk.de\/WordPress_02\/wp-content\/uploads\/2022\/03\/AgenturFArbeit-768x218.png 768w, https:\/\/hwbk.de\/WordPress_02\/wp-content\/uploads\/2022\/03\/AgenturFArbeit.png 1280w\" sizes=\"auto, (max-width: 1024px) 100vw, 1024px\" \/><\/figure>\n\n\n\n<h4 class=\"wp-block-heading\"><strong>Schule \u2013 und dann?<\/strong><\/h4>\n\n\n\n<p>Ich, Frau Mehlich, bin am Helene-Weber-Berufskolleg Ihre Ansprechpartnerin im Bereich der Studien- und Berufswahl.<\/p>\n\n\n\n<p>Der Beratungsservice ist neutral und steht allen Sch\u00fclerinnen und Sch\u00fclern sowie Auszubildenden kostenlos zur Verf\u00fcgung. Auch f\u00fcr Eltern stehe ich als Ansprechpartnerin bereit und biete in Zusammenarbeit mit der Schule Informationsveranstaltungen an.<\/p>\n\n\n\n<p>Zu meinen Aufgaben geh\u00f6rt:<\/p>\n\n\n\n<ul class=\"wp-block-list\"><li>Orientierung \u00fcber berufliche M\u00f6glichkeiten und Fragen der Berufs- bzw. Studienwahl<\/li><li>pers\u00f6nliche Berufsberatung in Einzelgespr\u00e4chen<\/li><li>Informationen \u00fcber Zulassungsvoraussetzungen an Universit\u00e4ten\/Hochschulen<\/li><li>Hilfen bei der Bewerbung<\/li><li>Vermittlung von Ausbildungsstellen<\/li><li>Beratung von Auszubildenden, z.B. zu St\u00fctz- und F\u00f6rderunterricht (AsA)<\/li><\/ul>\n\n\n\n<p><strong>Schulsprechstunden f\u00fcr kurze Ausk\u00fcnfte\u00a0<\/strong><br>Einfach vorbeikommen!\u00a0<br>Die Sprechstunden finden montags und freitags im Raum F121 ab 8:00 Uhr statt.<\/p>\n\n\n\n<p><strong>Ausf\u00fchrliche Beratungstermine\u00a0<\/strong><br>Nach Vereinbarung &#8211; Anmeldung bitte per Teams oder Mail.<br>Die Beratungen finden in der Schule montags und freitags im Raum F121 statt.<\/p>\n\n\n\n<p><strong>Kontakt&nbsp;<\/strong><br>&#8211; kostenlose Servicenummer: 0800 4555500<br>&#8211; E-Mail an <a rel=\"noreferrer noopener\" href=\"mailto:Paderborn.Berufsberatung@arbeitsagentur.de\" target=\"_blank\">Paderborn.Berufsberatung@arbeitsagentur.de<\/a>&nbsp;<br>&#8211; Kontaktformular unter <a href=\"http:\/\/www.arbeitsagentur.de\" target=\"_blank\" rel=\"noreferrer noopener\">www.arbeitsagentur.de<\/a> &gt; Kontakt&nbsp;<\/p>\n\n\n\n<p><a rel=\"noreferrer noopener\" href=\"http:\/\/hwbk.de\/WordPress_02\/wp-content\/uploads\/2022\/03\/Flyer-Apps-Berufsberatung..pdf\" target=\"_blank\">Flyer Berufsberatung<\/a><br><a href=\"http:\/\/hwbk.de\/WordPress_02\/wp-content\/uploads\/2025\/02\/Agentur-Beratung.pdf\" data-type=\"URL\" target=\"_blank\" rel=\"noreferrer noopener\">Aushang Berufsberatung<\/a><\/p>\n\n\n\n<p>Es geht um Ihre Zukunft. Ich bin f\u00fcr pers\u00f6nliche Gespr\u00e4che f\u00fcr Sie da.<\/p>\n","protected":false},"excerpt":{"rendered":"<p>Schule \u2013 und dann? Ich, Frau Mehlich, bin am Helene-Weber-Berufskolleg Ihre Ansprechpartnerin im Bereich der Studien- und Berufswahl. Der Beratungsservice ist neutral und steht allen Sch\u00fclerinnen und Sch\u00fclern sowie Auszubildenden kostenlos zur Verf\u00fcgung. Auch f\u00fcr Eltern stehe ich als Ansprechpartnerin &hellip; <a href=\"https:\/\/hwbk.de\/WordPress_02\/agentur-fuer-arbeit-2\/\">Continue reading <span class=\"meta-nav\">&rarr;<\/span><\/a><\/p>\n","protected":false},"author":8,"featured_media":0,"parent":0,"menu_order":0,"comment_status":"closed","ping_status":"closed","template":"","meta":{"footnotes":""},"class_list":["post-5752","page","type-page","status-publish","hentry"],"_links":{"self":[{"href":"https:\/\/hwbk.de\/WordPress_02\/wp-json\/wp\/v2\/pages\/5752","targetHints":{"allow":["GET"]}}],"collection":[{"href":"https:\/\/hwbk.de\/WordPress_02\/wp-json\/wp\/v2\/pages"}],"about":[{"href":"https:\/\/hwbk.de\/WordPress_02\/wp-json\/wp\/v2\/types\/page"}],"author":[{"embeddable":true,"href":"https:\/\/hwbk.de\/WordPress_02\/wp-json\/wp\/v2\/users\/8"}],"replies":[{"embeddable":true,"href":"https:\/\/hwbk.de\/WordPress_02\/wp-json\/wp\/v2\/comments?post=5752"}],"version-history":[{"count":6,"href":"https:\/\/hwbk.de\/WordPress_02\/wp-json\/wp\/v2\/pages\/5752\/revisions"}],"predecessor-version":[{"id":6973,"href":"https:\/\/hwbk.de\/WordPress_02\/wp-json\/wp\/v2\/pages\/5752\/revisions\/6973"}],"wp:attachment":[{"href":"https:\/\/hwbk.de\/WordPress_02\/wp-json\/wp\/v2\/media?parent=5752"}],"curies":[{"name":"wp","href":"https:\/\/api.w.org\/{rel}","templated":true}]}}