{"id":6297,"date":"2023-08-29T10:01:26","date_gmt":"2023-08-29T11:01:26","guid":{"rendered":"http:\/\/hwbk.de\/WordPress_02\/?page_id=6297"},"modified":"2026-01-19T08:35:43","modified_gmt":"2026-01-19T09:35:43","slug":"anmeldung","status":"publish","type":"page","link":"https:\/\/hwbk.de\/WordPress_02\/beratung\/anmeldung\/","title":{"rendered":"Anmeldung"},"content":{"rendered":"\n<figure class=\"wp-block-image size-large\"><img loading=\"lazy\" decoding=\"async\" width=\"1024\" height=\"496\" src=\"https:\/\/hwbk.de\/WordPress_02\/wp-content\/uploads\/2023\/09\/junge-frau-besucht-kurse-studentin-die-mit-notizbuechern-studiert-und-daumen-nach-oben-zeigt-um-unternehmen-zu-empfehlen-die-ueber-blauem-hintergrund-stehen-1024x496.jpg\" alt=\"\" class=\"wp-image-6310\" srcset=\"https:\/\/hwbk.de\/WordPress_02\/wp-content\/uploads\/2023\/09\/junge-frau-besucht-kurse-studentin-die-mit-notizbuechern-studiert-und-daumen-nach-oben-zeigt-um-unternehmen-zu-empfehlen-die-ueber-blauem-hintergrund-stehen-1024x496.jpg 1024w, https:\/\/hwbk.de\/WordPress_02\/wp-content\/uploads\/2023\/09\/junge-frau-besucht-kurse-studentin-die-mit-notizbuechern-studiert-und-daumen-nach-oben-zeigt-um-unternehmen-zu-empfehlen-die-ueber-blauem-hintergrund-stehen-300x145.jpg 300w, https:\/\/hwbk.de\/WordPress_02\/wp-content\/uploads\/2023\/09\/junge-frau-besucht-kurse-studentin-die-mit-notizbuechern-studiert-und-daumen-nach-oben-zeigt-um-unternehmen-zu-empfehlen-die-ueber-blauem-hintergrund-stehen-128x62.jpg 128w, https:\/\/hwbk.de\/WordPress_02\/wp-content\/uploads\/2023\/09\/junge-frau-besucht-kurse-studentin-die-mit-notizbuechern-studiert-und-daumen-nach-oben-zeigt-um-unternehmen-zu-empfehlen-die-ueber-blauem-hintergrund-stehen-768x372.jpg 768w, https:\/\/hwbk.de\/WordPress_02\/wp-content\/uploads\/2023\/09\/junge-frau-besucht-kurse-studentin-die-mit-notizbuechern-studiert-und-daumen-nach-oben-zeigt-um-unternehmen-zu-empfehlen-die-ueber-blauem-hintergrund-stehen.jpg 1500w\" sizes=\"auto, (max-width: 1024px) 100vw, 1024px\" \/><figcaption class=\"wp-element-caption\">Bild von benzoix auf Freepik<\/figcaption><\/figure>\n\n\n\n<p>Sch\u00fclerinnen und Sch\u00fcler k\u00f6nnen sich nach dem Halbjahreswechsel ab dem 07.02.26 direkt am HWBK anmelden (Anmelde- und Beratungtag am Sa, 07.02. von 9-13 Uhr) <strong>.<\/strong> Falls Sie nicht pers\u00f6nlich vorbeikommen k\u00f6nnen, senden Sie uns bitte per Post folgende Unterlagen zu:<\/p>\n\n\n\n<ul class=\"wp-block-list\">\n<li>beglaubigte Kopie des <strong>Halbjahreszeugnisses<\/strong><\/li>\n\n\n\n<li>unterschriebener<strong> Lebenslauf<\/strong><\/li>\n\n\n\n<li>unterschriebenes <strong>Anmeldeformular<\/strong> von Schulbewerbung (<a href=\"http:\/\/www.schulbewerbung.de\" target=\"_blank\" rel=\"noreferrer noopener\">www.schulbewerbung.de<\/a>)<\/li>\n<\/ul>\n\n\n\n<p>Die Anmeldedaten erhalten Sie von Ihrer bisherigen Schule oder direkt mit den Halbjahreszeugnissen.<\/p>\n\n\n\n<p>Falls Sie Fragen zum Anmeldeprozess haben, melden Sie sich bitte unter <a href=\"mailto:beratung@hwbk.de\">beratung@hwbk.de<\/a>. In Ausnahmef\u00e4llen k\u00f6nnen Sie sich vom 09.02.-01.03.26 pers\u00f6nlich in der Schule anmelden: <strong>montags-freitags von 14 bis 15:30 Uhr<\/strong> (Aush\u00e4nge beachten).<\/p>\n\n\n\n<p><strong>Ausnahme: Die Anmeldung zur Fachschule f\u00fcr Sozialwesen (Ausbildung zum\/r Erzieher\/in) kann ganzj\u00e4hrig erfolgen.<\/strong><\/p>\n","protected":false},"excerpt":{"rendered":"<p>Sch\u00fclerinnen und Sch\u00fcler k\u00f6nnen sich nach dem Halbjahreswechsel ab dem 07.02.26 direkt am HWBK anmelden (Anmelde- und Beratungtag am Sa, 07.02. von 9-13 Uhr) . Falls Sie nicht pers\u00f6nlich vorbeikommen k\u00f6nnen, senden Sie uns bitte per Post folgende Unterlagen zu: &hellip; <a href=\"https:\/\/hwbk.de\/WordPress_02\/beratung\/anmeldung\/\">Continue reading <span class=\"meta-nav\">&rarr;<\/span><\/a><\/p>\n","protected":false},"author":8,"featured_media":0,"parent":3707,"menu_order":0,"comment_status":"closed","ping_status":"closed","template":"","meta":{"footnotes":""},"class_list":["post-6297","page","type-page","status-publish","hentry"],"_links":{"self":[{"href":"https:\/\/hwbk.de\/WordPress_02\/wp-json\/wp\/v2\/pages\/6297","targetHints":{"allow":["GET"]}}],"collection":[{"href":"https:\/\/hwbk.de\/WordPress_02\/wp-json\/wp\/v2\/pages"}],"about":[{"href":"https:\/\/hwbk.de\/WordPress_02\/wp-json\/wp\/v2\/types\/page"}],"author":[{"embeddable":true,"href":"https:\/\/hwbk.de\/WordPress_02\/wp-json\/wp\/v2\/users\/8"}],"replies":[{"embeddable":true,"href":"https:\/\/hwbk.de\/WordPress_02\/wp-json\/wp\/v2\/comments?post=6297"}],"version-history":[{"count":20,"href":"https:\/\/hwbk.de\/WordPress_02\/wp-json\/wp\/v2\/pages\/6297\/revisions"}],"predecessor-version":[{"id":7349,"href":"https:\/\/hwbk.de\/WordPress_02\/wp-json\/wp\/v2\/pages\/6297\/revisions\/7349"}],"up":[{"embeddable":true,"href":"https:\/\/hwbk.de\/WordPress_02\/wp-json\/wp\/v2\/pages\/3707"}],"wp:attachment":[{"href":"https:\/\/hwbk.de\/WordPress_02\/wp-json\/wp\/v2\/media?parent=6297"}],"curies":[{"name":"wp","href":"https:\/\/api.w.org\/{rel}","templated":true}]}}