{"id":6792,"date":"2024-09-06T12:58:39","date_gmt":"2024-09-06T13:58:39","guid":{"rendered":"http:\/\/hwbk.de\/WordPress_02\/?page_id=6792"},"modified":"2024-09-06T13:09:37","modified_gmt":"2024-09-06T14:09:37","slug":"sozialassistent-in-ogs","status":"publish","type":"page","link":"https:\/\/hwbk.de\/WordPress_02\/bildungsgange\/berufsfachschule-abschluss-mittlere-reife\/sozialassistent-in-ogs\/","title":{"rendered":"Sozialassistent\/in OGS"},"content":{"rendered":"\n<h2 class=\"wp-block-heading\" id=\"block-c0d53e30-67f3-468b-af74-e24df5080d40\">Berufsfachschule f\u00fcr Gesundheit\/Erziehung und Soziales (Sozialassistent\/in OGS)<\/h2>\n\n\n\n<div class=\"wp-block-columns is-layout-flex wp-container-core-columns-is-layout-9d6595d7 wp-block-columns-is-layout-flex\">\n<div class=\"wp-block-column is-layout-flow wp-block-column-is-layout-flow\" style=\"flex-basis:75%\">\n<p>Die Berufsfachschule f\u00fcr Gesundheit\/Erziehung und Soziales (Sozialassistent\/in OGS) bietet die Basis-Ausbildung f\u00fcr das sozialp\u00e4dagogische Handlungsfeld an. Durch die Verkn\u00fcpfung von Lernort Schule und Praktikumsort werden zahlreiche Kenntnisse und Kompetenzen erworben, auf die in einer folgenden Ausbildung, z.B. zur Erzieherin\/zum Erzieher aufgebaut werden kann.<\/p>\n\n\n\n<div class=\"wp-block-pb-accordion-item c-accordion__item js-accordion-item no-js\" data-initially-open=\"false\" data-click-to-close=\"true\" data-auto-close=\"true\" data-scroll=\"false\" data-scroll-offset=\"0\"><h4 id=\"at-45851\" class=\"c-accordion__title js-accordion-controller\" role=\"button\">Welche Voraussetzungen muss ich erf\u00fcllen?<\/h4><div id=\"ac-45851\" class=\"c-accordion__content\">\n<p>Ich muss mindestens den Ersten Schulabschluss (ehem. Hauptschulabschluss nach Klasse 9) vorweisen und die zehnj\u00e4hrige Vollzeitschulpflicht erf\u00fcllt haben. Au\u00dferdem arbeite ich gerne mit Kindern und bin aufgeschlossen.<\/p>\n<\/div><\/div>\n\n\n\n<div class=\"wp-block-pb-accordion-item c-accordion__item js-accordion-item no-js\" data-initially-open=\"false\" data-click-to-close=\"true\" data-auto-close=\"true\" data-scroll=\"false\" data-scroll-offset=\"0\"><h4 id=\"at-95068\" class=\"c-accordion__title js-accordion-controller\" role=\"button\">Welchen Schulabschluss kann ich erreichen?<\/h4><div id=\"ac-95068\" class=\"c-accordion__content\">\n<p>Bei entsprechenden Noten kannst du den Realschulabschluss mit Qualifikationsvermerk erreichen.<\/p>\n<\/div><\/div>\n\n\n\n<div class=\"wp-block-pb-accordion-item c-accordion__item js-accordion-item no-js\" data-initially-open=\"false\" data-click-to-close=\"true\" data-auto-close=\"true\" data-scroll=\"false\" data-scroll-offset=\"0\"><h4 id=\"at-752\" class=\"c-accordion__title js-accordion-controller\" role=\"button\">Welche Unterrichtsf\u00e4cher belege ich?<\/h4><div id=\"ac-752\" class=\"c-accordion__content\">\n<p>Neben den bekannten F\u00e4chern Deutsch, Mathematik und Englisch gibt es zus\u00e4tzlich die berufsbezogenen F\u00e4cher. Diese sind u.a. die F\u00e4cher Erziehung, Bildung und Betreuung, Gesundheitsf\u00f6rderung und Pflege, Arbeitsorganisation und Recht.<\/p>\n<\/div><\/div>\n\n\n\n<div class=\"wp-block-pb-accordion-item c-accordion__item js-accordion-item no-js\" data-initially-open=\"false\" data-click-to-close=\"true\" data-auto-close=\"true\" data-scroll=\"false\" data-scroll-offset=\"0\"><h4 id=\"at-90761\" class=\"c-accordion__title js-accordion-controller\" role=\"button\">Welche Praktika absolviere ich?<\/h4><div id=\"ac-90761\" class=\"c-accordion__content\">\n<p>Du absolviert innerhalb der 2 Schuljahre 16 Wochen Praktikum in Offenen Ganztagsschulen und in Kindertageseinrichtungen im Kreis Paderborn.<\/p>\n<\/div><\/div>\n\n\n\n<div class=\"wp-block-pb-accordion-item c-accordion__item js-accordion-item no-js\" data-initially-open=\"false\" data-click-to-close=\"true\" data-auto-close=\"true\" data-scroll=\"false\" data-scroll-offset=\"0\"><h4 id=\"at-31146\" class=\"c-accordion__title js-accordion-controller\" role=\"button\">Welche Besonderheiten bietet der Bildungsgang?<\/h4><div id=\"ac-31146\" class=\"c-accordion__content\">\n<p>Du erlernst hier in der Basis-Ausbildung den Umgang und die Arbeit mit Kindern kennen. Durch die enge Vernetzung von Berufsschule und Praktikumsort wirst Du auf die Arbeit im Offenen Ganztag vorbereitet.<\/p>\n<\/div><\/div>\n\n\n\n<div class=\"wp-block-pb-accordion-item c-accordion__item js-accordion-item no-js\" data-initially-open=\"false\" data-click-to-close=\"true\" data-auto-close=\"true\" data-scroll=\"false\" data-scroll-offset=\"0\"><h4 id=\"at-17044\" class=\"c-accordion__title js-accordion-controller\" role=\"button\">Welche M\u00f6glichkeiten bieten sich mir mit dem Schulabschluss?<\/h4><div id=\"ac-17044\" class=\"c-accordion__content\">\n<p>Die Sozialassistenz-Ausbildung mit dem Schwerpunkt OGS ist eine Zugangsvoraussetzung f\u00fcr die Ausbildung zur staatlich anerkannten Erzieherin\/zum staatlich anerkannten Erzieher. Diese Ausbildung bietet Dir eine positive Basis zur Weiterentwicklung im sozialen Bereich. Au\u00dferdem besteht die M\u00f6glichkeit an unserer Schule das Fachabitur oder auch das Vollabitur zu erwerben.<\/p>\n<\/div><\/div>\n\n\n\n<div class=\"wp-block-pb-accordion-item c-accordion__item js-accordion-item no-js\" data-initially-open=\"false\" data-click-to-close=\"true\" data-auto-close=\"true\" data-scroll=\"false\" data-scroll-offset=\"0\"><h4 id=\"at-44846\" class=\"c-accordion__title js-accordion-controller\" role=\"button\">Wie kann ich mich f\u00fcr den Bildungsgang anmelden?<\/h4><div id=\"ac-44846\" class=\"c-accordion__content\">\n<p>Du kannst dich direkt nach Halbjahreszeugnissen bei uns anmelden. Wir ben\u00f6tigen zus\u00e4tzlich dazu dein Zeugnis (beglaubigte Kopie und mindestens den Ersten Schulabschluss (ehem. Hauptschulabschluss Klasse 9)) und deinen Lebenslauf. <a href=\"http:\/\/hwbk.de\/WordPress_02\/beratung\/\">Weitere Informationen erh\u00e4lst du hier<\/a>.<\/p>\n<\/div><\/div>\n\n\n\n<div class=\"wp-block-pb-accordion-item c-accordion__item js-accordion-item no-js\" data-initially-open=\"false\" data-click-to-close=\"true\" data-auto-close=\"true\" data-scroll=\"false\" data-scroll-offset=\"0\"><h4 id=\"at-11536\" class=\"c-accordion__title js-accordion-controller\" role=\"button\">Flyer zum Bildungsgang<\/h4><div id=\"ac-11536\" class=\"c-accordion__content\">\n<p>in Bearbeitung<\/p>\n<\/div><\/div>\n\n\n\n<p><\/p>\n<\/div>\n\n\n\n<div class=\"wp-block-column is-layout-flow wp-block-column-is-layout-flow\" style=\"flex-basis:25%\">\n<h4 class=\"wp-block-heading\">Ansprechpartnerin<\/h4>\n\n\n\n<p>Frau Westen<\/p>\n\n\n\n<p>\u2709 <a href=\"mailto:westen@hwbk.de\">westen@hwbk.de<\/a><\/p>\n\n\n\n<p>\u260e 05251\/1423-200<\/p>\n<\/div>\n<\/div>\n","protected":false},"excerpt":{"rendered":"<p>Berufsfachschule f\u00fcr Gesundheit\/Erziehung und Soziales (Sozialassistent\/in OGS) Die Berufsfachschule f\u00fcr Gesundheit\/Erziehung und Soziales (Sozialassistent\/in OGS) bietet die Basis-Ausbildung f\u00fcr das sozialp\u00e4dagogische Handlungsfeld an. Durch die Verkn\u00fcpfung von Lernort Schule und Praktikumsort werden zahlreiche Kenntnisse und Kompetenzen erworben, auf die in &hellip; <a href=\"https:\/\/hwbk.de\/WordPress_02\/bildungsgange\/berufsfachschule-abschluss-mittlere-reife\/sozialassistent-in-ogs\/\">Continue reading <span class=\"meta-nav\">&rarr;<\/span><\/a><\/p>\n","protected":false},"author":8,"featured_media":0,"parent":858,"menu_order":5,"comment_status":"closed","ping_status":"closed","template":"","meta":{"footnotes":""},"class_list":["post-6792","page","type-page","status-publish","hentry"],"_links":{"self":[{"href":"https:\/\/hwbk.de\/WordPress_02\/wp-json\/wp\/v2\/pages\/6792","targetHints":{"allow":["GET"]}}],"collection":[{"href":"https:\/\/hwbk.de\/WordPress_02\/wp-json\/wp\/v2\/pages"}],"about":[{"href":"https:\/\/hwbk.de\/WordPress_02\/wp-json\/wp\/v2\/types\/page"}],"author":[{"embeddable":true,"href":"https:\/\/hwbk.de\/WordPress_02\/wp-json\/wp\/v2\/users\/8"}],"replies":[{"embeddable":true,"href":"https:\/\/hwbk.de\/WordPress_02\/wp-json\/wp\/v2\/comments?post=6792"}],"version-history":[{"count":2,"href":"https:\/\/hwbk.de\/WordPress_02\/wp-json\/wp\/v2\/pages\/6792\/revisions"}],"predecessor-version":[{"id":6796,"href":"https:\/\/hwbk.de\/WordPress_02\/wp-json\/wp\/v2\/pages\/6792\/revisions\/6796"}],"up":[{"embeddable":true,"href":"https:\/\/hwbk.de\/WordPress_02\/wp-json\/wp\/v2\/pages\/858"}],"wp:attachment":[{"href":"https:\/\/hwbk.de\/WordPress_02\/wp-json\/wp\/v2\/media?parent=6792"}],"curies":[{"name":"wp","href":"https:\/\/api.w.org\/{rel}","templated":true}]}}